{"id":448,"date":"2022-06-29T08:45:53","date_gmt":"2022-06-29T05:45:53","guid":{"rendered":"https:\/\/www.dive-planet.com\/dive-planet\/"},"modified":"2026-03-09T17:38:00","modified_gmt":"2026-03-09T14:38:00","slug":"dive-planet","status":"publish","type":"page","link":"https:\/\/www.dive-planet.com\/de\/","title":{"rendered":"Dive Planet"},"content":{"rendered":"<p><div class=\"fusion-fullwidth fullwidth-box fusion-builder-row-1 fusion-flex-container faded-background fusion-parallax-none nonhundred-percent-fullwidth non-hundred-percent-height-scrolling lazyload\" style=\"--awb-background-position:center bottom;--awb-border-radius-top-left:0px;--awb-border-radius-top-right:0px;--awb-border-radius-bottom-right:0px;--awb-border-radius-bottom-left:0px;--awb-padding-top:3rem;--awb-padding-bottom:3rem;--awb-background-size:cover;--awb-flex-wrap:wrap;\" data-bg=\"https:\/\/www.dive-planet.com\/wp-content\/uploads\/2022\/07\/oktohg.png\" ><div class=\"fullwidth-faded lazyload\" style=\"--awb-background-color:var(--awb-color3);--awb-background-position:center bottom;--awb-background-size:cover;\" data-bg=\"https:\/\/www.dive-planet.com\/wp-content\/uploads\/2022\/07\/oktohg.png\" ><\/div><div class=\"fusion-builder-row fusion-row fusion-flex-align-items-flex-start fusion-flex-content-wrap\" style=\"max-width:1040px;margin-left: calc(-4% \/ 2 );margin-right: calc(-4% \/ 2 );\"><div class=\"fusion-layout-column fusion_builder_column fusion-builder-column-0 fusion_builder_column_1_1 1_1 fusion-flex-column\" style=\"--awb-bg-size:cover;--awb-width-large:100%;--awb-margin-top-large:0px;--awb-spacing-right-large:1.92%;--awb-margin-bottom-large:20px;--awb-spacing-left-large:1.92%;--awb-width-medium:100%;--awb-order-medium:0;--awb-spacing-right-medium:1.92%;--awb-spacing-left-medium:1.92%;--awb-width-small:100%;--awb-order-small:0;--awb-spacing-right-small:1.92%;--awb-spacing-left-small:1.92%;\"><div class=\"fusion-column-wrapper fusion-column-has-shadow fusion-flex-justify-content-flex-start fusion-content-layout-column\"><div class=\"fusion-text fusion-text-1\"><p>Wir sind ein neues PADI Dive Resort, 2022 er\u00f6ffnet und im Marine Park von Utende auf der Insel Mafia beheimatet. Unsere Tauchschule liegt 15 Minuten vom Flughafen Kilindoni und 2 Minuten zu Fuss von der K\u00fcste von Utende entfernt.<\/p>\n<p><strong>Bereit f\u00fcr das Tauchen im Meer oder f\u00fcr Tauchkurse in Mafia Island?<\/strong><\/p>\n<p>Wir bieten eine umfassende Auswahl an PADI-Tauchkursen f\u00fcr Sporttaucher und eine Taucherfahrung f\u00fcr Alle, die es einmal versuchen m\u00f6chten! F\u00fcr zertifizierte Taucher bieten wir t\u00e4gliches Tauchen sowie diverse Tauchpauschalen an. Zus\u00e4tzlich gibt es als Option f\u00fcr Alle, die nicht tauchen m\u00f6chten, Schnorchel-Ausfl\u00fcge, Picknicks und verschiedene weitere Exkursionen.<\/p>\n<p>Unsere Gruppen sind klein und \u00fcberschaubar gestaltet, damit wir unseren hohen Standard an Professionalit\u00e4t, Sicherheit und Vergn\u00fcgen garantieren k\u00f6nnen.<\/p>\n<p>Marine Park in Utende: Bitte beachte den t\u00e4glichen Eintrittspreis von 23$ pro Person.<\/p>\n<\/div><\/div><\/div><\/div><\/div><div class=\"fusion-fullwidth fullwidth-box fusion-builder-row-2 fusion-flex-container nonhundred-percent-fullwidth non-hundred-percent-height-scrolling\" style=\"--awb-border-radius-top-left:0px;--awb-border-radius-top-right:0px;--awb-border-radius-bottom-right:0px;--awb-border-radius-bottom-left:0px;--awb-flex-wrap:wrap;\" ><div class=\"fusion-builder-row fusion-row fusion-flex-align-items-flex-start fusion-flex-content-wrap\" style=\"max-width:1040px;margin-left: calc(-4% \/ 2 );margin-right: calc(-4% \/ 2 );\"><div class=\"fusion-layout-column fusion_builder_column fusion-builder-column-1 fusion_builder_column_1_2 1_2 fusion-flex-column\" style=\"--awb-bg-size:cover;--awb-width-large:50%;--awb-margin-top-large:0px;--awb-spacing-right-large:3.84%;--awb-margin-bottom-large:20px;--awb-spacing-left-large:3.84%;--awb-width-medium:50%;--awb-order-medium:0;--awb-spacing-right-medium:3.84%;--awb-spacing-left-medium:3.84%;--awb-width-small:100%;--awb-order-small:0;--awb-spacing-right-small:1.92%;--awb-spacing-left-small:1.92%;\"><div class=\"fusion-column-wrapper fusion-column-has-shadow fusion-flex-justify-content-flex-start fusion-content-layout-column\"><div class=\"fusion-image-element \" style=\"--awb-caption-title-font-family:var(--h2_typography-font-family);--awb-caption-title-font-weight:var(--h2_typography-font-weight);--awb-caption-title-font-style:var(--h2_typography-font-style);--awb-caption-title-size:var(--h2_typography-font-size);--awb-caption-title-transform:var(--h2_typography-text-transform);--awb-caption-title-line-height:var(--h2_typography-line-height);--awb-caption-title-letter-spacing:var(--h2_typography-letter-spacing);\"><span class=\" fusion-imageframe imageframe-none imageframe-1 hover-type-none\"><img decoding=\"async\" width=\"1080\" height=\"771\" title=\"equipmentroom\" src=\"https:\/\/www.dive-planet.com\/wp-content\/uploads\/2022\/06\/equipmentroom-1.jpg\" data-orig-src=\"https:\/\/www.dive-planet.com\/wp-content\/uploads\/2022\/06\/equipmentroom-1.jpg\" alt class=\"lazyload img-responsive wp-image-110\" srcset=\"data:image\/svg+xml,%3Csvg%20xmlns%3D%27http%3A%2F%2Fwww.w3.org%2F2000%2Fsvg%27%20width%3D%271080%27%20height%3D%27771%27%20viewBox%3D%270%200%201080%20771%27%3E%3Crect%20width%3D%271080%27%20height%3D%27771%27%20fill-opacity%3D%220%22%2F%3E%3C%2Fsvg%3E\" data-srcset=\"https:\/\/www.dive-planet.com\/wp-content\/uploads\/2022\/06\/equipmentroom-1-200x143.jpg 200w, https:\/\/www.dive-planet.com\/wp-content\/uploads\/2022\/06\/equipmentroom-1-400x286.jpg 400w, https:\/\/www.dive-planet.com\/wp-content\/uploads\/2022\/06\/equipmentroom-1-600x428.jpg 600w, https:\/\/www.dive-planet.com\/wp-content\/uploads\/2022\/06\/equipmentroom-1-800x571.jpg 800w, https:\/\/www.dive-planet.com\/wp-content\/uploads\/2022\/06\/equipmentroom-1.jpg 1080w\" data-sizes=\"auto\" data-orig-sizes=\"(max-width: 640px) 100vw, 600px\" \/><\/span><\/div><div class=\"fusion-text fusion-text-2\"><h4>Unsere Tauchschule hat einen grossz\u00fcgigen Raum f\u00fcr die Aufbewahrung der pers\u00f6nlichen und gemieteten Ausr\u00fcstung. Das Tauchequipment ist von Mares und ScubaPro.<\/h4>\n<\/div><\/div><\/div><div class=\"fusion-layout-column fusion_builder_column fusion-builder-column-2 fusion_builder_column_1_2 1_2 fusion-flex-column\" style=\"--awb-bg-size:cover;--awb-width-large:50%;--awb-margin-top-large:0px;--awb-spacing-right-large:3.84%;--awb-margin-bottom-large:20px;--awb-spacing-left-large:3.84%;--awb-width-medium:50%;--awb-order-medium:0;--awb-spacing-right-medium:3.84%;--awb-spacing-left-medium:3.84%;--awb-width-small:100%;--awb-order-small:0;--awb-spacing-right-small:1.92%;--awb-spacing-left-small:1.92%;\"><div class=\"fusion-column-wrapper fusion-column-has-shadow fusion-flex-justify-content-flex-start fusion-content-layout-column\"><div class=\"fusion-image-element \" style=\"--awb-caption-title-font-family:var(--h2_typography-font-family);--awb-caption-title-font-weight:var(--h2_typography-font-weight);--awb-caption-title-font-style:var(--h2_typography-font-style);--awb-caption-title-size:var(--h2_typography-font-size);--awb-caption-title-transform:var(--h2_typography-text-transform);--awb-caption-title-line-height:var(--h2_typography-line-height);--awb-caption-title-letter-spacing:var(--h2_typography-letter-spacing);\"><span class=\" fusion-imageframe imageframe-none imageframe-2 hover-type-none\"><img decoding=\"async\" width=\"640\" height=\"480\" title=\"3872\" src=\"https:\/\/www.dive-planet.com\/wp-content\/uploads\/2022\/08\/3872-1.jpg\" data-orig-src=\"https:\/\/www.dive-planet.com\/wp-content\/uploads\/2022\/08\/3872-1.jpg\" alt class=\"lazyload img-responsive wp-image-741\" srcset=\"data:image\/svg+xml,%3Csvg%20xmlns%3D%27http%3A%2F%2Fwww.w3.org%2F2000%2Fsvg%27%20width%3D%27640%27%20height%3D%27480%27%20viewBox%3D%270%200%20640%20480%27%3E%3Crect%20width%3D%27640%27%20height%3D%27480%27%20fill-opacity%3D%220%22%2F%3E%3C%2Fsvg%3E\" data-srcset=\"https:\/\/www.dive-planet.com\/wp-content\/uploads\/2022\/08\/3872-1-200x150.jpg 200w, https:\/\/www.dive-planet.com\/wp-content\/uploads\/2022\/08\/3872-1-400x300.jpg 400w, https:\/\/www.dive-planet.com\/wp-content\/uploads\/2022\/08\/3872-1-600x450.jpg 600w, https:\/\/www.dive-planet.com\/wp-content\/uploads\/2022\/08\/3872-1.jpg 640w\" data-sizes=\"auto\" data-orig-sizes=\"(max-width: 640px) 100vw, 600px\" \/><\/span><\/div><div class=\"fusion-text fusion-text-3\"><h4>Eine sch\u00f6ne Terrasse und ein kleines Restaurant mit einem hervorragenden Chefkoch laden so richtig zum Geniessen ein. Ebenso steht eine Kalt- und Warmwasser-Dusche zur Verf\u00fcgung.<\/h4>\n<\/div><\/div><\/div><\/div><\/div><div class=\"fusion-fullwidth fullwidth-box fusion-builder-row-3 fusion-flex-container fusion-parallax-none nonhundred-percent-fullwidth non-hundred-percent-height-scrolling lazyload\" style=\"--awb-border-radius-top-left:0px;--awb-border-radius-top-right:0px;--awb-border-radius-bottom-right:0px;--awb-border-radius-bottom-left:0px;--awb-background-size:cover;--awb-flex-wrap:wrap;\" data-bg=\"https:\/\/www.dive-planet.com\/wp-content\/uploads\/2022\/07\/hai_breit-e1657609587359.jpg\" ><div class=\"fusion-builder-row fusion-row fusion-flex-align-items-flex-start fusion-flex-content-wrap\" style=\"max-width:1040px;margin-left: calc(-4% \/ 2 );margin-right: calc(-4% \/ 2 );\"><div class=\"fusion-layout-column fusion_builder_column fusion-builder-column-3 fusion_builder_column_1_2 1_2 fusion-flex-column\" style=\"--awb-bg-size:cover;--awb-width-large:50%;--awb-margin-top-large:0px;--awb-spacing-right-large:3.84%;--awb-margin-bottom-large:20px;--awb-spacing-left-large:3.84%;--awb-width-medium:50%;--awb-order-medium:0;--awb-spacing-right-medium:3.84%;--awb-spacing-left-medium:3.84%;--awb-width-small:100%;--awb-order-small:0;--awb-spacing-right-small:1.92%;--awb-spacing-left-small:1.92%;\"><div class=\"fusion-column-wrapper fusion-column-has-shadow fusion-flex-justify-content-flex-start fusion-content-layout-column\"><div class=\"fusion-image-element \" style=\"--awb-caption-title-font-family:var(--h2_typography-font-family);--awb-caption-title-font-weight:var(--h2_typography-font-weight);--awb-caption-title-font-style:var(--h2_typography-font-style);--awb-caption-title-size:var(--h2_typography-font-size);--awb-caption-title-transform:var(--h2_typography-text-transform);--awb-caption-title-line-height:var(--h2_typography-line-height);--awb-caption-title-letter-spacing:var(--h2_typography-letter-spacing);\"><span class=\" fusion-imageframe imageframe-none imageframe-3 hover-type-none\"><img decoding=\"async\" width=\"1080\" height=\"772\" title=\"pool\" src=\"https:\/\/www.dive-planet.com\/wp-content\/uploads\/2022\/06\/pool-1.jpg\" data-orig-src=\"https:\/\/www.dive-planet.com\/wp-content\/uploads\/2022\/06\/pool-1.jpg\" alt class=\"lazyload img-responsive wp-image-114\" srcset=\"data:image\/svg+xml,%3Csvg%20xmlns%3D%27http%3A%2F%2Fwww.w3.org%2F2000%2Fsvg%27%20width%3D%271080%27%20height%3D%27772%27%20viewBox%3D%270%200%201080%20772%27%3E%3Crect%20width%3D%271080%27%20height%3D%27772%27%20fill-opacity%3D%220%22%2F%3E%3C%2Fsvg%3E\" data-srcset=\"https:\/\/www.dive-planet.com\/wp-content\/uploads\/2022\/06\/pool-1-200x143.jpg 200w, https:\/\/www.dive-planet.com\/wp-content\/uploads\/2022\/06\/pool-1-400x286.jpg 400w, https:\/\/www.dive-planet.com\/wp-content\/uploads\/2022\/06\/pool-1-600x429.jpg 600w, https:\/\/www.dive-planet.com\/wp-content\/uploads\/2022\/06\/pool-1-800x572.jpg 800w, https:\/\/www.dive-planet.com\/wp-content\/uploads\/2022\/06\/pool-1.jpg 1080w\" data-sizes=\"auto\" data-orig-sizes=\"(max-width: 640px) 100vw, 600px\" \/><\/span><\/div><div class=\"fusion-text fusion-text-4\"><h4>Das S\u00fcsswasserbecken ist 1 bis 2.5 Meter tief und spezifisch f\u00fcr Tauchkurse geeignet.<\/h4>\n<\/div><\/div><\/div><div class=\"fusion-layout-column fusion_builder_column fusion-builder-column-4 fusion_builder_column_1_2 1_2 fusion-flex-column\" style=\"--awb-bg-size:cover;--awb-width-large:50%;--awb-margin-top-large:0px;--awb-spacing-right-large:3.84%;--awb-margin-bottom-large:20px;--awb-spacing-left-large:3.84%;--awb-width-medium:50%;--awb-order-medium:0;--awb-spacing-right-medium:3.84%;--awb-spacing-left-medium:3.84%;--awb-width-small:100%;--awb-order-small:0;--awb-spacing-right-small:1.92%;--awb-spacing-left-small:1.92%;\"><div class=\"fusion-column-wrapper fusion-column-has-shadow fusion-flex-justify-content-flex-start fusion-content-layout-column\"><div class=\"fusion-image-element \" style=\"--awb-caption-title-font-family:var(--h2_typography-font-family);--awb-caption-title-font-weight:var(--h2_typography-font-weight);--awb-caption-title-font-style:var(--h2_typography-font-style);--awb-caption-title-size:var(--h2_typography-font-size);--awb-caption-title-transform:var(--h2_typography-text-transform);--awb-caption-title-line-height:var(--h2_typography-line-height);--awb-caption-title-letter-spacing:var(--h2_typography-letter-spacing);\"><span class=\" fusion-imageframe imageframe-none imageframe-4 hover-type-none\"><img decoding=\"async\" width=\"1080\" height=\"772\" title=\"kimondo\" src=\"https:\/\/www.dive-planet.com\/wp-content\/uploads\/2022\/06\/kimondo-1.jpg\" data-orig-src=\"https:\/\/www.dive-planet.com\/wp-content\/uploads\/2022\/06\/kimondo-1.jpg\" alt class=\"lazyload img-responsive wp-image-112\" srcset=\"data:image\/svg+xml,%3Csvg%20xmlns%3D%27http%3A%2F%2Fwww.w3.org%2F2000%2Fsvg%27%20width%3D%271080%27%20height%3D%27772%27%20viewBox%3D%270%200%201080%20772%27%3E%3Crect%20width%3D%271080%27%20height%3D%27772%27%20fill-opacity%3D%220%22%2F%3E%3C%2Fsvg%3E\" data-srcset=\"https:\/\/www.dive-planet.com\/wp-content\/uploads\/2022\/06\/kimondo-1-200x143.jpg 200w, https:\/\/www.dive-planet.com\/wp-content\/uploads\/2022\/06\/kimondo-1-400x286.jpg 400w, https:\/\/www.dive-planet.com\/wp-content\/uploads\/2022\/06\/kimondo-1-600x429.jpg 600w, https:\/\/www.dive-planet.com\/wp-content\/uploads\/2022\/06\/kimondo-1-800x572.jpg 800w, https:\/\/www.dive-planet.com\/wp-content\/uploads\/2022\/06\/kimondo-1.jpg 1080w\" data-sizes=\"auto\" data-orig-sizes=\"(max-width: 640px) 100vw, 600px\" \/><\/span><\/div><div class=\"fusion-text fusion-text-5\"><h4>Kimondo, unser Glasfaser-Schnellboot mit zwei Motoren ist f\u00fcr maximal 8 Taucher vollst\u00e4ndig ausger\u00fcstet. Damit kommen wir zu den verschiedenen Tauchspots.<\/h4>\n<\/div><\/div><\/div><\/div><\/div><div class=\"fusion-fullwidth fullwidth-box fusion-builder-row-4 fusion-flex-container nonhundred-percent-fullwidth non-hundred-percent-height-scrolling\" style=\"--awb-border-radius-top-left:0px;--awb-border-radius-top-right:0px;--awb-border-radius-bottom-right:0px;--awb-border-radius-bottom-left:0px;--awb-flex-wrap:wrap;\" ><div class=\"fusion-builder-row fusion-row fusion-flex-align-items-flex-start fusion-flex-content-wrap\" style=\"max-width:1040px;margin-left: calc(-4% \/ 2 );margin-right: calc(-4% \/ 2 );\"><div class=\"fusion-layout-column fusion_builder_column fusion-builder-column-5 fusion_builder_column_1_1 1_1 fusion-flex-column\" style=\"--awb-bg-size:cover;--awb-width-large:100%;--awb-margin-top-large:0px;--awb-spacing-right-large:1.92%;--awb-margin-bottom-large:20px;--awb-spacing-left-large:1.92%;--awb-width-medium:100%;--awb-order-medium:0;--awb-spacing-right-medium:1.92%;--awb-spacing-left-medium:1.92%;--awb-width-small:100%;--awb-order-small:0;--awb-spacing-right-small:1.92%;--awb-spacing-left-small:1.92%;\"><div class=\"fusion-column-wrapper fusion-column-has-shadow fusion-flex-justify-content-flex-start fusion-content-layout-block\"><div class=\"fusion-image-element in-legacy-container\" style=\"--awb-caption-title-font-family:var(--h2_typography-font-family);--awb-caption-title-font-weight:var(--h2_typography-font-weight);--awb-caption-title-font-style:var(--h2_typography-font-style);--awb-caption-title-size:var(--h2_typography-font-size);--awb-caption-title-transform:var(--h2_typography-text-transform);--awb-caption-title-line-height:var(--h2_typography-line-height);--awb-caption-title-letter-spacing:var(--h2_typography-letter-spacing);\"><span class=\" fusion-imageframe imageframe-none imageframe-5 hover-type-none\"><img decoding=\"async\" width=\"2000\" height=\"588\" title=\"crew_dive_planet\" src=\"https:\/\/www.dive-planet.com\/wp-content\/uploads\/2022\/06\/crew_dive_planet-2.jpg\" data-orig-src=\"https:\/\/www.dive-planet.com\/wp-content\/uploads\/2022\/06\/crew_dive_planet-2.jpg\" alt class=\"lazyload img-responsive wp-image-120\" srcset=\"data:image\/svg+xml,%3Csvg%20xmlns%3D%27http%3A%2F%2Fwww.w3.org%2F2000%2Fsvg%27%20width%3D%272000%27%20height%3D%27588%27%20viewBox%3D%270%200%202000%20588%27%3E%3Crect%20width%3D%272000%27%20height%3D%27588%27%20fill-opacity%3D%220%22%2F%3E%3C%2Fsvg%3E\" data-srcset=\"https:\/\/www.dive-planet.com\/wp-content\/uploads\/2022\/06\/crew_dive_planet-2-200x59.jpg 200w, https:\/\/www.dive-planet.com\/wp-content\/uploads\/2022\/06\/crew_dive_planet-2-400x118.jpg 400w, https:\/\/www.dive-planet.com\/wp-content\/uploads\/2022\/06\/crew_dive_planet-2-600x176.jpg 600w, https:\/\/www.dive-planet.com\/wp-content\/uploads\/2022\/06\/crew_dive_planet-2-800x235.jpg 800w, https:\/\/www.dive-planet.com\/wp-content\/uploads\/2022\/06\/crew_dive_planet-2-1200x353.jpg 1200w, https:\/\/www.dive-planet.com\/wp-content\/uploads\/2022\/06\/crew_dive_planet-2.jpg 2000w\" data-sizes=\"auto\" data-orig-sizes=\"(max-width: 640px) 100vw, 1200px\" \/><\/span><\/div><div class=\"fusion-text fusion-text-6\"><h4>Unser sehr erfahrenes und einheimisches Team kennt die besten Tauchspots. Hohe Qualit\u00e4t und Professionalit\u00e4t stehen bei uns an erster Stelle.<\/h4>\n<\/div><\/div><\/div><\/div><\/div><\/p>\n","protected":false},"excerpt":{"rendered":"","protected":false},"author":3,"featured_media":0,"parent":0,"menu_order":10,"comment_status":"closed","ping_status":"closed","template":"100-width.php","meta":{"inline_featured_image":false,"footnotes":""},"class_list":["post-448","page","type-page","status-publish","hentry"],"_links":{"self":[{"href":"https:\/\/www.dive-planet.com\/de\/wp-json\/wp\/v2\/pages\/448","targetHints":{"allow":["GET"]}}],"collection":[{"href":"https:\/\/www.dive-planet.com\/de\/wp-json\/wp\/v2\/pages"}],"about":[{"href":"https:\/\/www.dive-planet.com\/de\/wp-json\/wp\/v2\/types\/page"}],"author":[{"embeddable":true,"href":"https:\/\/www.dive-planet.com\/de\/wp-json\/wp\/v2\/users\/3"}],"replies":[{"embeddable":true,"href":"https:\/\/www.dive-planet.com\/de\/wp-json\/wp\/v2\/comments?post=448"}],"version-history":[{"count":9,"href":"https:\/\/www.dive-planet.com\/de\/wp-json\/wp\/v2\/pages\/448\/revisions"}],"predecessor-version":[{"id":1043,"href":"https:\/\/www.dive-planet.com\/de\/wp-json\/wp\/v2\/pages\/448\/revisions\/1043"}],"wp:attachment":[{"href":"https:\/\/www.dive-planet.com\/de\/wp-json\/wp\/v2\/media?parent=448"}],"curies":[{"name":"wp","href":"https:\/\/api.w.org\/{rel}","templated":true}]}}