{"id":459,"date":"2022-06-29T10:12:23","date_gmt":"2022-06-29T07:12:23","guid":{"rendered":"https:\/\/www.dive-planet.com\/aufenthalt\/"},"modified":"2022-07-30T11:44:54","modified_gmt":"2022-07-30T08:44:54","slug":"aufenthalt","status":"publish","type":"page","link":"https:\/\/www.dive-planet.com\/de\/aufenthalt\/","title":{"rendered":"Aufenthalt"},"content":{"rendered":"<p><div class=\"fusion-fullwidth fullwidth-box fusion-builder-row-1 fusion-flex-container fusion-parallax-none nonhundred-percent-fullwidth non-hundred-percent-height-scrolling lazyload\" style=\"--awb-border-radius-top-left:0px;--awb-border-radius-top-right:0px;--awb-border-radius-bottom-right:0px;--awb-border-radius-bottom-left:0px;--awb-background-size:cover;--awb-flex-wrap:wrap;\" data-bg=\"https:\/\/www.dive-planet.com\/wp-content\/uploads\/2022\/07\/fisch_breit-2.jpg\" ><div class=\"fusion-builder-row fusion-row fusion-flex-align-items-flex-start fusion-flex-content-wrap\" style=\"max-width:1040px;margin-left: calc(-4% \/ 2 );margin-right: calc(-4% \/ 2 );\"><div class=\"fusion-layout-column fusion_builder_column fusion-builder-column-0 fusion_builder_column_1_1 1_1 fusion-flex-column\" style=\"--awb-bg-size:cover;--awb-width-large:100%;--awb-margin-top-large:0px;--awb-spacing-right-large:1.92%;--awb-margin-bottom-large:20px;--awb-spacing-left-large:1.92%;--awb-width-medium:100%;--awb-order-medium:0;--awb-spacing-right-medium:1.92%;--awb-spacing-left-medium:1.92%;--awb-width-small:100%;--awb-order-small:0;--awb-spacing-right-small:1.92%;--awb-spacing-left-small:1.92%;\"><div class=\"fusion-column-wrapper fusion-column-has-shadow fusion-flex-justify-content-flex-start fusion-content-layout-column\"><div class=\"fusion-text fusion-text-1\"><p>Unser brandneues Tauchzentrum &#8222;Dive Planet&#8220; bietet auch die M\u00f6glichkeit, dich auf unserer sch\u00f6nen Insel gem\u00e4ss deinen individuellen Bed\u00fcrfnissen aufzuhalten. Ob in unseren modernen und wundersch\u00f6nen Bungalows oder bei unseren Hotelpartnern auf der Insel Mafia \u2013 Du wirst es geniessen!<\/p>\n<p>Unsere afrikanisch-schweizerische Partnerschaft verbindet das Beste aus beiden Welten und schafft ein einzigartiges Angebot. Wir freuen uns auf deinen Besuch! Unsere wundersch\u00f6ne und moderne Infrastruktur und unser fantastisches Team lassen dich deinen Aufenthalt vollumf\u00e4nglich geniessen.<\/p>\n<\/div><\/div><\/div><\/div><\/div><div class=\"fusion-fullwidth fullwidth-box fusion-builder-row-2 fusion-flex-container fusion-parallax-none nonhundred-percent-fullwidth non-hundred-percent-height-scrolling lazyload\" style=\"--awb-border-radius-top-left:0px;--awb-border-radius-top-right:0px;--awb-border-radius-bottom-right:0px;--awb-border-radius-bottom-left:0px;--awb-background-size:cover;--awb-flex-wrap:wrap;\" data-bg=\"https:\/\/www.dive-planet.com\/wp-content\/uploads\/2022\/07\/seepferdchen_breit-2.jpg\" ><div class=\"fusion-builder-row fusion-row fusion-flex-align-items-flex-start fusion-flex-content-wrap\" style=\"max-width:1040px;margin-left: calc(-4% \/ 2 );margin-right: calc(-4% \/ 2 );\"><div class=\"fusion-layout-column fusion_builder_column fusion-builder-column-1 fusion_builder_column_2_3 2_3 fusion-flex-column\" style=\"--awb-bg-size:cover;--awb-width-large:66.666666666667%;--awb-margin-top-large:0px;--awb-spacing-right-large:2.88%;--awb-margin-bottom-large:20px;--awb-spacing-left-large:2.88%;--awb-width-medium:66.666666666667%;--awb-order-medium:0;--awb-spacing-right-medium:2.88%;--awb-spacing-left-medium:2.88%;--awb-width-small:100%;--awb-order-small:0;--awb-spacing-right-small:1.92%;--awb-spacing-left-small:1.92%;\"><div class=\"fusion-column-wrapper fusion-column-has-shadow fusion-flex-justify-content-flex-start fusion-content-layout-column\"><div class=\"fusion-image-element \" style=\"--awb-caption-title-font-family:var(--h2_typography-font-family);--awb-caption-title-font-weight:var(--h2_typography-font-weight);--awb-caption-title-font-style:var(--h2_typography-font-style);--awb-caption-title-size:var(--h2_typography-font-size);--awb-caption-title-transform:var(--h2_typography-text-transform);--awb-caption-title-line-height:var(--h2_typography-line-height);--awb-caption-title-letter-spacing:var(--h2_typography-letter-spacing);\"><span class=\" fusion-imageframe imageframe-none imageframe-1 hover-type-none\"><img decoding=\"async\" width=\"1920\" height=\"1166\" title=\"Bathroom\" src=\"https:\/\/www.dive-planet.com\/wp-content\/uploads\/2022\/07\/Bathroom.jpg\" data-orig-src=\"https:\/\/www.dive-planet.com\/wp-content\/uploads\/2022\/07\/Bathroom.jpg\" alt class=\"lazyload img-responsive wp-image-255\" srcset=\"data:image\/svg+xml,%3Csvg%20xmlns%3D%27http%3A%2F%2Fwww.w3.org%2F2000%2Fsvg%27%20width%3D%271920%27%20height%3D%271166%27%20viewBox%3D%270%200%201920%201166%27%3E%3Crect%20width%3D%271920%27%20height%3D%271166%27%20fill-opacity%3D%220%22%2F%3E%3C%2Fsvg%3E\" data-srcset=\"https:\/\/www.dive-planet.com\/wp-content\/uploads\/2022\/07\/Bathroom-200x121.jpg 200w, https:\/\/www.dive-planet.com\/wp-content\/uploads\/2022\/07\/Bathroom-400x243.jpg 400w, https:\/\/www.dive-planet.com\/wp-content\/uploads\/2022\/07\/Bathroom-600x364.jpg 600w, https:\/\/www.dive-planet.com\/wp-content\/uploads\/2022\/07\/Bathroom-800x486.jpg 800w, https:\/\/www.dive-planet.com\/wp-content\/uploads\/2022\/07\/Bathroom-1200x729.jpg 1200w, https:\/\/www.dive-planet.com\/wp-content\/uploads\/2022\/07\/Bathroom.jpg 1920w\" data-sizes=\"auto\" data-orig-sizes=\"(max-width: 640px) 100vw, 800px\" \/><\/span><\/div><\/div><\/div><div class=\"fusion-layout-column fusion_builder_column fusion-builder-column-2 fusion_builder_column_1_3 1_3 fusion-flex-column\" style=\"--awb-bg-size:cover;--awb-width-large:33.333333333333%;--awb-margin-top-large:0px;--awb-spacing-right-large:5.76%;--awb-margin-bottom-large:20px;--awb-spacing-left-large:5.76%;--awb-width-medium:33.333333333333%;--awb-order-medium:0;--awb-spacing-right-medium:5.76%;--awb-spacing-left-medium:5.76%;--awb-width-small:100%;--awb-order-small:0;--awb-spacing-right-small:1.92%;--awb-spacing-left-small:1.92%;\"><div class=\"fusion-column-wrapper fusion-column-has-shadow fusion-flex-justify-content-flex-start fusion-content-layout-column\"><div class=\"fusion-image-element \" style=\"--awb-caption-title-font-family:var(--h2_typography-font-family);--awb-caption-title-font-weight:var(--h2_typography-font-weight);--awb-caption-title-font-style:var(--h2_typography-font-style);--awb-caption-title-size:var(--h2_typography-font-size);--awb-caption-title-transform:var(--h2_typography-text-transform);--awb-caption-title-line-height:var(--h2_typography-line-height);--awb-caption-title-letter-spacing:var(--h2_typography-letter-spacing);\"><span class=\" fusion-imageframe imageframe-none imageframe-2 hover-type-none\"><img decoding=\"async\" width=\"905\" height=\"1175\" title=\"Bedroom\" src=\"https:\/\/www.dive-planet.com\/wp-content\/uploads\/2022\/07\/Bedroom.jpg\" data-orig-src=\"https:\/\/www.dive-planet.com\/wp-content\/uploads\/2022\/07\/Bedroom.jpg\" alt class=\"lazyload img-responsive wp-image-257\" srcset=\"data:image\/svg+xml,%3Csvg%20xmlns%3D%27http%3A%2F%2Fwww.w3.org%2F2000%2Fsvg%27%20width%3D%27905%27%20height%3D%271175%27%20viewBox%3D%270%200%20905%201175%27%3E%3Crect%20width%3D%27905%27%20height%3D%271175%27%20fill-opacity%3D%220%22%2F%3E%3C%2Fsvg%3E\" data-srcset=\"https:\/\/www.dive-planet.com\/wp-content\/uploads\/2022\/07\/Bedroom-200x260.jpg 200w, https:\/\/www.dive-planet.com\/wp-content\/uploads\/2022\/07\/Bedroom-400x519.jpg 400w, https:\/\/www.dive-planet.com\/wp-content\/uploads\/2022\/07\/Bedroom-600x779.jpg 600w, https:\/\/www.dive-planet.com\/wp-content\/uploads\/2022\/07\/Bedroom-800x1039.jpg 800w, https:\/\/www.dive-planet.com\/wp-content\/uploads\/2022\/07\/Bedroom.jpg 905w\" data-sizes=\"auto\" data-orig-sizes=\"(max-width: 640px) 100vw, 400px\" \/><\/span><\/div><\/div><\/div><\/div><\/div><\/p>\n","protected":false},"excerpt":{"rendered":"","protected":false},"author":3,"featured_media":0,"parent":0,"menu_order":40,"comment_status":"closed","ping_status":"closed","template":"100-width.php","meta":{"inline_featured_image":false,"footnotes":""},"class_list":["post-459","page","type-page","status-publish","hentry"],"_links":{"self":[{"href":"https:\/\/www.dive-planet.com\/de\/wp-json\/wp\/v2\/pages\/459","targetHints":{"allow":["GET"]}}],"collection":[{"href":"https:\/\/www.dive-planet.com\/de\/wp-json\/wp\/v2\/pages"}],"about":[{"href":"https:\/\/www.dive-planet.com\/de\/wp-json\/wp\/v2\/types\/page"}],"author":[{"embeddable":true,"href":"https:\/\/www.dive-planet.com\/de\/wp-json\/wp\/v2\/users\/3"}],"replies":[{"embeddable":true,"href":"https:\/\/www.dive-planet.com\/de\/wp-json\/wp\/v2\/comments?post=459"}],"version-history":[{"count":1,"href":"https:\/\/www.dive-planet.com\/de\/wp-json\/wp\/v2\/pages\/459\/revisions"}],"predecessor-version":[{"id":661,"href":"https:\/\/www.dive-planet.com\/de\/wp-json\/wp\/v2\/pages\/459\/revisions\/661"}],"wp:attachment":[{"href":"https:\/\/www.dive-planet.com\/de\/wp-json\/wp\/v2\/media?parent=459"}],"curies":[{"name":"wp","href":"https:\/\/api.w.org\/{rel}","templated":true}]}}