{"id":506,"date":"2022-06-29T10:11:38","date_gmt":"2022-06-29T07:11:38","guid":{"rendered":"https:\/\/www.dive-planet.com\/tauchkurse\/"},"modified":"2022-07-30T11:44:53","modified_gmt":"2022-07-30T08:44:53","slug":"tauchkurse","status":"publish","type":"page","link":"https:\/\/www.dive-planet.com\/de\/tauchkurse\/","title":{"rendered":"Tauchkurse"},"content":{"rendered":"<div class=\"fusion-fullwidth fullwidth-box fusion-builder-row-1 fusion-flex-container nonhundred-percent-fullwidth non-hundred-percent-height-scrolling\" style=\"--awb-border-radius-top-left:0px;--awb-border-radius-top-right:0px;--awb-border-radius-bottom-right:0px;--awb-border-radius-bottom-left:0px;--awb-flex-wrap:wrap;\" ><div class=\"fusion-builder-row fusion-row fusion-flex-align-items-flex-start fusion-flex-content-wrap\" style=\"max-width:1040px;margin-left: calc(-4% \/ 2 );margin-right: calc(-4% \/ 2 );\"><div class=\"fusion-layout-column fusion_builder_column fusion-builder-column-0 fusion_builder_column_1_1 1_1 fusion-flex-column\" style=\"--awb-bg-size:cover;--awb-width-large:100%;--awb-margin-top-large:0px;--awb-spacing-right-large:1.92%;--awb-margin-bottom-large:20px;--awb-spacing-left-large:1.92%;--awb-width-medium:100%;--awb-order-medium:0;--awb-spacing-right-medium:1.92%;--awb-spacing-left-medium:1.92%;--awb-width-small:100%;--awb-order-small:0;--awb-spacing-right-small:1.92%;--awb-spacing-left-small:1.92%;\"><div class=\"fusion-column-wrapper fusion-column-has-shadow fusion-flex-justify-content-flex-start fusion-content-layout-column\"><div class=\"accordian fusion-accordian\" style=\"--awb-border-size:0px;--awb-icon-size:22px;--awb-content-font-size:1.5en;--awb-icon-alignment:left;--awb-hover-color:var(--awb-color1);--awb-border-color:var(--awb-color4);--awb-background-color:var(--awb-color1);--awb-divider-color:var(--awb-color1);--awb-divider-hover-color:var(--awb-color3);--awb-icon-color:var(--awb-color4);--awb-title-color:var(--awb-color1);--awb-content-color:var(--awb-color8);--awb-icon-box-color:var(--awb-color1);--awb-toggle-hover-accent-color:var(--awb-color4);--awb-title-font-family:&quot;refrigerator-deluxe&quot;;--awb-title-font-weight:400;--awb-title-font-style:normal;--awb-title-font-size:2em;--awb-content-font-family:&quot;refrigerator-deluxe&quot;;--awb-content-font-style:normal;--awb-content-font-weight:400;\"><div class=\"panel-group fusion-toggle-icon-unboxed\" id=\"accordion-506-1\"><div class=\"fusion-panel panel-default panel-fb0bf87f000e6f565 fusion-toggle-no-divider fusion-toggle-boxed-mode\" style=\"--awb-title-color:var(--awb-color8);--awb-content-color:var(--awb-color8);\"><div class=\"panel-heading\"><h4 class=\"panel-title toggle\" id=\"toggle_fb0bf87f000e6f565\"><a aria-expanded=\"false\" aria-controls=\"fb0bf87f000e6f565\" role=\"button\" data-toggle=\"collapse\" data-parent=\"#accordion-506-1\" data-target=\"#fb0bf87f000e6f565\" href=\"#fb0bf87f000e6f565\"><span class=\"fusion-toggle-icon-wrapper\" aria-hidden=\"true\"><i class=\"fa-fusion-box active-icon fa-minus fas\" aria-hidden=\"true\"><\/i><i class=\"fa-fusion-box inactive-icon fa-plus fas\" aria-hidden=\"true\"><\/i><\/span><span class=\"fusion-toggle-heading\">Entdecke Scuba Diving!<\/span><\/a><\/h4><\/div><div id=\"fb0bf87f000e6f565\" class=\"panel-collapse collapse \" aria-labelledby=\"toggle_fb0bf87f000e6f565\"><div class=\"panel-body toggle-content fusion-clearfix\">\n<p><strong>Bedingungen:<\/strong><\/p>\n<ul>\n<li><strong>Mindestalter 10 Jahre<\/strong><\/li>\n<li><strong>Gute Schwimmkenntnisse<\/strong><\/li>\n<li><strong>\u00c4rztliche Formular ausgef\u00fcllt<\/strong><\/li>\n<\/ul>\n<p><strong>Geeignet f\u00fcr Anf\u00e4nger<\/strong><\/p>\n<p>Zweifelst du noch oder z\u00f6gerst du, einen Tauchkurs zu wagen? Das PADI Discover Scuba Diving Programm erm\u00f6glicht es dir Basiskenntnisse anzueignen und festzustellen, ob das Tauchen f\u00fcr dich gemacht ist! Dieser Kurs ist kein Zertifizierungskurs, gibt dir jedoch die M\u00f6glichkeit, die Faszination des Tauchens zu erleben und dabei die erstaunliche Unterwasserwelt zu erkunden.<\/p>\n<p>Der Kurs beginnt mit einem intensiven Briefing \u00fcber Theorie und Physik des Tauchens. Dann stellen wir dir eine Ausr\u00fcstung zusammen \u2013 und dann bist du bereit f\u00fcr die ersten Atemz\u00fcge unter Wasser! Nach verschiedenen \u00dcbungen in unserem Pool machst du mit deinem Tauchlehrer den ersten \u2013 und f\u00fcr immer unvergesslichen \u2013 Tauchgang im Meer! Und dies geschieht in einem wundersch\u00f6nen und sehr angenehmen Umfeld auf der Insel Mafia.<\/p>\n<p><strong>Dauer: Einen halben Tag &nbsp;&nbsp;&nbsp;&nbsp;&nbsp;&nbsp;<\/strong><br \/>\n<strong>Maximale Tiefe: 12 Meter&nbsp;&nbsp;&nbsp;&nbsp;<\/strong><br \/>\n<strong>Preis: 1 Tauchgang 120$, 2 Tauchg\u00e4nge 170$<\/strong><\/p>\n<\/div><\/div><\/div><div class=\"fusion-panel panel-default panel-2c67f33c18e79849e fusion-toggle-no-divider fusion-toggle-boxed-mode\" style=\"--awb-title-color:var(--awb-color8);--awb-content-color:var(--awb-color8);\"><div class=\"panel-heading\"><h4 class=\"panel-title toggle\" id=\"toggle_2c67f33c18e79849e\"><a aria-expanded=\"false\" aria-controls=\"2c67f33c18e79849e\" role=\"button\" data-toggle=\"collapse\" data-parent=\"#accordion-506-1\" data-target=\"#2c67f33c18e79849e\" href=\"#2c67f33c18e79849e\"><span class=\"fusion-toggle-icon-wrapper\" aria-hidden=\"true\"><i class=\"fa-fusion-box active-icon fa-minus fas\" aria-hidden=\"true\"><\/i><i class=\"fa-fusion-box inactive-icon fa-plus fas\" aria-hidden=\"true\"><\/i><\/span><span class=\"fusion-toggle-heading\">Scuba Diver<\/span><\/a><\/h4><\/div><div id=\"2c67f33c18e79849e\" class=\"panel-collapse collapse \" aria-labelledby=\"toggle_2c67f33c18e79849e\"><div class=\"panel-body toggle-content fusion-clearfix\">\n<p><strong>Die Basis-Tauchlizenz, Mit dieser Lizenz kannst du \u00fcberall auf der Welt unter Aufsicht tauchen.<\/strong><\/p>\n<p><strong>Bedingungen:<\/strong><\/p>\n<ul>\n<li><strong>Mindestalter 10 Jahre<\/strong><\/li>\n<li><strong>Gute Schwimmkenntnisse<\/strong><\/li>\n<li><strong>\u00c4rztliches Formular ausgef\u00fcllt<\/strong><\/li>\n<\/ul>\n<p><strong>Geeignet f\u00fcr Anf\u00e4nger<\/strong><\/p>\n<p>Dieser Kurs wendet sich an alle, die eine Tauchlizenz erhalten m\u00f6chten, aber w\u00e4hrend der Ferien nur wenig Zeit zur Verf\u00fcgung haben. Die Kursdauer betr\u00e4gt 2 Tage. Du absolvierst 3 Theoriestunden und 3 praktische Ausbildungsstunden in unserem Pool sowie 2 komplette Tauchg\u00e4nge im Meer. Innerhalb von 12 Monaten nach Abschluss des Scuba Diver Kurses kannst du den Open Water Diver Kurs absolvieren.<\/p>\n<p><strong>Dauer: 2 Tage<\/strong><br \/>\n<strong>Maximale Tiefe: 12 Meter&nbsp;&nbsp;&nbsp;&nbsp;<\/strong><br \/>\n<strong>Preis: 400$<\/strong><\/p>\n<\/div><\/div><\/div><div class=\"fusion-panel panel-default panel-a93c9b8b6d36c6ced fusion-toggle-no-divider fusion-toggle-boxed-mode\" style=\"--awb-title-color:var(--awb-color8);--awb-content-color:var(--awb-color8);\"><div class=\"panel-heading\"><h4 class=\"panel-title toggle\" id=\"toggle_a93c9b8b6d36c6ced\"><a aria-expanded=\"false\" aria-controls=\"a93c9b8b6d36c6ced\" role=\"button\" data-toggle=\"collapse\" data-parent=\"#accordion-506-1\" data-target=\"#a93c9b8b6d36c6ced\" href=\"#a93c9b8b6d36c6ced\"><span class=\"fusion-toggle-icon-wrapper\" aria-hidden=\"true\"><i class=\"fa-fusion-box active-icon fa-minus fas\" aria-hidden=\"true\"><\/i><i class=\"fa-fusion-box inactive-icon fa-plus fas\" aria-hidden=\"true\"><\/i><\/span><span class=\"fusion-toggle-heading\">Open Water<\/span><\/a><\/h4><\/div><div id=\"a93c9b8b6d36c6ced\" class=\"panel-collapse collapse \" aria-labelledby=\"toggle_a93c9b8b6d36c6ced\"><div class=\"panel-body toggle-content fusion-clearfix\">\n<p><strong>Eine international anerkannte Tauchlizenz. Mit dieser Lizenz kannst du bis zu einer Tiefe von 18 Metern \u00fcberall auf der Welt tauchen, mit oder ohne Aufsicht.<\/strong><\/p>\n<p><strong>Bedingungen:<\/strong><\/p>\n<ul>\n<li><strong>Mindestalter 10 Jahre<\/strong><\/li>\n<li><strong>Guten Schwimmkenntnisse<\/strong><\/li>\n<li><strong>\u00c4rztliches Formular ausgef\u00fcllt<\/strong><\/li>\n<\/ul>\n<p><strong>Geeignet f\u00fcr Anf\u00e4nger<\/strong><\/p>\n<p>Der Kurs besteht aus 5 theoretischen Lektionen, 5 praktische \u00dcbungsteile im Pool und 4 Tauchg\u00e4nge im Meer. Die Dauer des Kurses h\u00e4ngt von deiner Verf\u00fcgbarkeit ab. Wir machen keine Vorgaben, sondern richten uns nach deinen individuellen Bed\u00fcrfnissen. F\u00fcr diesen Kurs solltest du aber mindestens 3 Tage einplanen. Kontaktiere uns f\u00fcr weitere Informationen. Erlebe ein v\u00f6llig neues Gef\u00fchl und geniesse die wunderbare Unterwasserwelt!<\/p>\n<p>E-Learning: Falls du den theoretischen Teil bereits Zuhause absolvieren m\u00f6chtest, dann klicke auf den folgenden Link: <a href=\"https:\/\/shop.padi.com\/product\/open-water-diver?lang=en&amp;irra=28739\" target=\"_blank\" rel=\"noopener\">https:\/\/shop.padi.com\/product\/open-water-diver?lang=en&amp;irra=28739<\/a><\/p>\n<p><strong>Dauer: 3 bis 4 Tage &nbsp;&nbsp;&nbsp;&nbsp;&nbsp;&nbsp;&nbsp;&nbsp;&nbsp;&nbsp;&nbsp;&nbsp;&nbsp;&nbsp;&nbsp;<\/strong><br \/>\n<strong>Maximale Tiefe: 18 Meter&nbsp;&nbsp;&nbsp;&nbsp;<\/strong><br \/>\n<strong>Preis: 525$ \/ E-learning absolviert: 370$<\/strong><\/p>\n<\/div><\/div><\/div><div class=\"fusion-panel panel-default panel-a41d7c64f230e4968 fusion-toggle-no-divider fusion-toggle-boxed-mode\" style=\"--awb-title-color:var(--awb-color8);--awb-content-color:var(--awb-color8);\"><div class=\"panel-heading\"><h4 class=\"panel-title toggle\" id=\"toggle_a41d7c64f230e4968\"><a aria-expanded=\"false\" aria-controls=\"a41d7c64f230e4968\" role=\"button\" data-toggle=\"collapse\" data-parent=\"#accordion-506-1\" data-target=\"#a41d7c64f230e4968\" href=\"#a41d7c64f230e4968\"><span class=\"fusion-toggle-icon-wrapper\" aria-hidden=\"true\"><i class=\"fa-fusion-box active-icon fa-minus fas\" aria-hidden=\"true\"><\/i><i class=\"fa-fusion-box inactive-icon fa-plus fas\" aria-hidden=\"true\"><\/i><\/span><span class=\"fusion-toggle-heading\">Advanced<\/span><\/a><\/h4><\/div><div id=\"a41d7c64f230e4968\" class=\"panel-collapse collapse \" aria-labelledby=\"toggle_a41d7c64f230e4968\"><div class=\"panel-body toggle-content fusion-clearfix\">\n<p><strong>Mit diesem Fortgeschrittenenkurs verbesserst du deine Tauchtechnik und vertiefest dein Hintergrundwissen.<\/strong><\/p>\n<p><strong>Bedingungen:<\/strong><\/p>\n<ul>\n<li><strong>Mindestalter 12 Jahre<\/strong><\/li>\n<li><strong>PADI Open Water Lizenz oder eine gleichwertige Tauchlizenz einer anderen Tauchschule<\/strong><\/li>\n<li><strong>\u00c4rztliche Formular ausgef\u00fcllt<\/strong><\/li>\n<\/ul>\n<p>Weitere Bestandteile des Kurses sind Tieftauchen (tiefer als 18 Meter) und Unterwassernavigation. Der Kurs besteht aus 5 Tauchg\u00e4ngen, die du nach deinen pers\u00f6nlichen Vorlieben w\u00e4hlen kannst. Neben den beiden Pflichttauchg\u00e4ngen Tieftauchen (tiefer als 18 Meter) und Navigation kannst du aus einer Vielzahl von weiteren Erlebnistauchg\u00e4ngen w\u00e4hlen. Eine genaue Auswahl findest du unter &#8222;Spezialkurse&#8220;. F\u00fcr weitere Informationen ruf uns einfach an oder sende uns eine E-Mail. Wir freuen uns, f\u00fcr dich ein fantastisches Abenteuerprogramm zusammenzustellen.<\/p>\n<p>E-Learning: Falls du den theoretischen Teil bereits Zuhause absolvieren m\u00f6chtest, dann klicke auf den folgenden Link: <a href=\"https:\/\/shop.padi.com\/product\/advanced-open-water-diver?lang=en&amp;irra=28739\" target=\"_blank\" rel=\"noopener\">https:\/\/shop.padi.com\/product\/advanced-open-water-diver?lang=en&amp;irra=28739<\/a><\/p>\n<p><strong>Dauer: 2 bis 3 Tage &nbsp;&nbsp;&nbsp;<\/strong><br \/>\n<strong>Maximale Tiefe: 30 Meter&nbsp;&nbsp;&nbsp;&nbsp;<\/strong><br \/>\n<strong>Preis: 450$ \/ E-learning absolviert: 300$<\/strong><\/p>\n<\/div><\/div><\/div><div class=\"fusion-panel panel-default panel-8c26ea5ca51f1585b fusion-toggle-no-divider fusion-toggle-boxed-mode\" style=\"--awb-title-color:var(--awb-color8);--awb-content-color:var(--awb-color8);\"><div class=\"panel-heading\"><h4 class=\"panel-title toggle\" id=\"toggle_8c26ea5ca51f1585b\"><a aria-expanded=\"false\" aria-controls=\"8c26ea5ca51f1585b\" role=\"button\" data-toggle=\"collapse\" data-parent=\"#accordion-506-1\" data-target=\"#8c26ea5ca51f1585b\" href=\"#8c26ea5ca51f1585b\"><span class=\"fusion-toggle-icon-wrapper\" aria-hidden=\"true\"><i class=\"fa-fusion-box active-icon fa-minus fas\" aria-hidden=\"true\"><\/i><i class=\"fa-fusion-box inactive-icon fa-plus fas\" aria-hidden=\"true\"><\/i><\/span><span class=\"fusion-toggle-heading\">Rescue Diver &amp; Emergency First Responder (EFR)<\/span><\/a><\/h4><\/div><div id=\"8c26ea5ca51f1585b\" class=\"panel-collapse collapse \" aria-labelledby=\"toggle_8c26ea5ca51f1585b\"><div class=\"panel-body toggle-content fusion-clearfix\">\n<p><strong>Du \u00fcbst Rettungstechniken und Probleml\u00f6sungen und besuchst einen Erste-Hilfe-Kurs.<\/strong><\/p>\n<p><strong>Bedingungen:<\/strong><\/p>\n<ul>\n<li><strong>Mindestalter 12 Jahre<\/strong><\/li>\n<li><strong>Open Water Lizenz oder eine gleichwertige Tauchlizenz einer anderen Tauchschule<\/strong><\/li>\n<li><strong>Absolvierter Erste-Hilfe- oder Nothelferkurs in den letzten 2 Jahren<\/strong><\/li>\n<li><strong>\u00c4rztliches Formular ausgef\u00fcllt<\/strong><\/li>\n<\/ul>\n<p>Der Rescue Diver Kurs \/ EFR Kurs erh\u00f6ht Ihre eigene Sicherheit und jene Ihrer TaucherkollegInnen. Mittels verschiedener Szenarien werden das Erkennen und L\u00f6sen von Problemen \u00fcber und unter Wasser ge\u00fcbt. Verschiedene Rettungstechniken werden trainiert, und Sie lernen, noch vorsichtiger und sicherer zu tauchen. Erh\u00f6hen Sie Ihre Sicherheit unter Wasser und erkennen Sie, wie Sie anderen helfen und Verletzungen vermeiden k\u00f6nnen. Der EFR-Kurs ist ein international anerkannter Erste-Hilfe-Kurs.<\/p>\n<p>E-Learning: Falls du den theoretischen Teil bereits Zuhause absolvieren m\u00f6chtest, dann klicke auf den folgenden Link: <a href=\"https:\/\/shop.padi.com\/product\/rescue-diver?lang=en&amp;irra=28739\" target=\"_blank\" rel=\"noopener\">https:\/\/shop.padi.com\/product\/rescue-diver?lang=en&amp;irra=28739<\/a><\/p>\n<p><strong>Dauer: 3-5 Tage&nbsp;&nbsp;&nbsp;&nbsp;&nbsp;&nbsp;&nbsp;&nbsp;&nbsp;&nbsp;&nbsp;&nbsp;&nbsp;&nbsp;&nbsp;&nbsp;&nbsp;&nbsp;&nbsp;&nbsp;&nbsp;<\/strong><br \/>\n<strong>Preis: auf Anfrage<\/strong><\/p>\n<\/div><\/div><\/div><div class=\"fusion-panel panel-default panel-41389a3db710b0d9d fusion-toggle-no-divider fusion-toggle-boxed-mode\" style=\"--awb-title-color:var(--awb-color8);--awb-content-color:var(--awb-color8);\"><div class=\"panel-heading\"><h4 class=\"panel-title toggle\" id=\"toggle_41389a3db710b0d9d\"><a aria-expanded=\"false\" aria-controls=\"41389a3db710b0d9d\" role=\"button\" data-toggle=\"collapse\" data-parent=\"#accordion-506-1\" data-target=\"#41389a3db710b0d9d\" href=\"#41389a3db710b0d9d\"><span class=\"fusion-toggle-icon-wrapper\" aria-hidden=\"true\"><i class=\"fa-fusion-box active-icon fa-minus fas\" aria-hidden=\"true\"><\/i><i class=\"fa-fusion-box inactive-icon fa-plus fas\" aria-hidden=\"true\"><\/i><\/span><span class=\"fusion-toggle-heading\">Refresher Course<\/span><\/a><\/h4><\/div><div id=\"41389a3db710b0d9d\" class=\"panel-collapse collapse \" aria-labelledby=\"toggle_41389a3db710b0d9d\"><div class=\"panel-body toggle-content fusion-clearfix\">\n<p><strong>Bist du bereit, nach einer langen Pause wieder mit dem Tauchen zu beginnen?<\/strong><\/p>\n<p><strong>Bedingungen:<\/strong><\/p>\n<ul>\n<li><strong>Zertifizierter Taucher<\/strong><\/li>\n<\/ul>\n<p>Der PADI Refresher Kurs oder das PADI Scuba Wiederholungsprogramm wendet sich an zertifizierte Taucher, die schon l\u00e4nger nicht mehr getaucht sind. W\u00e4hrend des Auffrischungstauchgangs wirst du dir wieder eine gewisse Anzahl von Kompetenzen aneignen sowie deine Tarierungs- und Sicherheitskenntnisse in unserem Pool oder im Meer \u00fcben, bis du dich sicher f\u00fchlst. Nach dem Kurs bist du bereit, am selben oder n\u00e4chsten Tag auf einen Tauchausflug zu gehen. Wir empfehlen diesen Kurs, wenn du seit einem Jahr nicht mehr getaucht bist.<\/p>\n<p><strong>Dauer: 1 Stunde&nbsp;&nbsp; &nbsp;&nbsp;&nbsp;&nbsp;&nbsp;&nbsp;&nbsp;&nbsp;&nbsp;&nbsp;&nbsp;&nbsp;&nbsp;&nbsp;&nbsp;&nbsp;&nbsp;<\/strong><br \/>\n<strong>Preis: 30$<\/strong><\/p>\n<\/div><\/div><\/div><div class=\"fusion-panel panel-default panel-9d855115d97ba3223 fusion-toggle-no-divider fusion-toggle-boxed-mode\" style=\"--awb-title-color:var(--awb-color8);--awb-content-color:var(--awb-color8);\"><div class=\"panel-heading\"><h4 class=\"panel-title toggle\" id=\"toggle_9d855115d97ba3223\"><a aria-expanded=\"false\" aria-controls=\"9d855115d97ba3223\" role=\"button\" data-toggle=\"collapse\" data-parent=\"#accordion-506-1\" data-target=\"#9d855115d97ba3223\" href=\"#9d855115d97ba3223\"><span class=\"fusion-toggle-icon-wrapper\" aria-hidden=\"true\"><i class=\"fa-fusion-box active-icon fa-minus fas\" aria-hidden=\"true\"><\/i><i class=\"fa-fusion-box inactive-icon fa-plus fas\" aria-hidden=\"true\"><\/i><\/span><span class=\"fusion-toggle-heading\">Spezialkurse<\/span><\/a><\/h4><\/div><div id=\"9d855115d97ba3223\" class=\"panel-collapse collapse \" aria-labelledby=\"toggle_9d855115d97ba3223\"><div class=\"panel-body toggle-content fusion-clearfix\">\n<p><strong>Wir bieten ebenfalls eine Auswahl an Spezialkursen an!<\/strong><\/p>\n<ul>\n<li>Identifizierung von Fischen<\/li>\n<li>Tieftauchen<\/li>\n<li>Digitale Unterwasserfotografie<\/li>\n<li>Str\u00f6mungstauchen<\/li>\n<li>Nachttauchen<\/li>\n<li>Multilevel-Tauchen<\/li>\n<li>Spitzenleistungs-Tarierung<\/li>\n<li>Navigation<\/li>\n<li>Unterwasser-Naturforscher<\/li>\n<li>H\u00f6hlentauchen<\/li>\n<li>Suchen und Bergen<\/li>\n<\/ul>\n<\/div><\/div><\/div><\/div><\/div><\/div><\/div><\/div><\/div>\n","protected":false},"excerpt":{"rendered":"","protected":false},"author":3,"featured_media":0,"parent":0,"menu_order":20,"comment_status":"closed","ping_status":"closed","template":"","meta":{"inline_featured_image":false,"footnotes":""},"class_list":["post-506","page","type-page","status-publish","hentry"],"_links":{"self":[{"href":"https:\/\/www.dive-planet.com\/de\/wp-json\/wp\/v2\/pages\/506","targetHints":{"allow":["GET"]}}],"collection":[{"href":"https:\/\/www.dive-planet.com\/de\/wp-json\/wp\/v2\/pages"}],"about":[{"href":"https:\/\/www.dive-planet.com\/de\/wp-json\/wp\/v2\/types\/page"}],"author":[{"embeddable":true,"href":"https:\/\/www.dive-planet.com\/de\/wp-json\/wp\/v2\/users\/3"}],"replies":[{"embeddable":true,"href":"https:\/\/www.dive-planet.com\/de\/wp-json\/wp\/v2\/comments?post=506"}],"version-history":[{"count":1,"href":"https:\/\/www.dive-planet.com\/de\/wp-json\/wp\/v2\/pages\/506\/revisions"}],"predecessor-version":[{"id":659,"href":"https:\/\/www.dive-planet.com\/de\/wp-json\/wp\/v2\/pages\/506\/revisions\/659"}],"wp:attachment":[{"href":"https:\/\/www.dive-planet.com\/de\/wp-json\/wp\/v2\/media?parent=506"}],"curies":[{"name":"wp","href":"https:\/\/api.w.org\/{rel}","templated":true}]}}