{"id":445,"date":"2022-06-29T08:45:53","date_gmt":"2022-06-29T05:45:53","guid":{"rendered":"https:\/\/www.dive-planet.com\/dive-planet\/"},"modified":"2026-03-09T17:39:19","modified_gmt":"2026-03-09T14:39:19","slug":"dive-planet","status":"publish","type":"page","link":"https:\/\/www.dive-planet.com\/fr\/","title":{"rendered":"Dive Planet"},"content":{"rendered":"<p><div class=\"fusion-fullwidth fullwidth-box fusion-builder-row-1 fusion-flex-container faded-background fusion-parallax-none nonhundred-percent-fullwidth non-hundred-percent-height-scrolling lazyload\" style=\"--awb-background-position:center bottom;--awb-border-radius-top-left:0px;--awb-border-radius-top-right:0px;--awb-border-radius-bottom-right:0px;--awb-border-radius-bottom-left:0px;--awb-padding-top:3rem;--awb-padding-bottom:3rem;--awb-background-size:cover;--awb-flex-wrap:wrap;\" data-bg=\"https:\/\/www.dive-planet.com\/wp-content\/uploads\/2022\/07\/oktohg.png\" ><div class=\"fullwidth-faded lazyload\" style=\"--awb-background-color:var(--awb-color3);--awb-background-position:center bottom;--awb-background-size:cover;\" data-bg=\"https:\/\/www.dive-planet.com\/wp-content\/uploads\/2022\/07\/oktohg.png\" ><\/div><div class=\"fusion-builder-row fusion-row fusion-flex-align-items-flex-start fusion-flex-content-wrap\" style=\"max-width:1040px;margin-left: calc(-4% \/ 2 );margin-right: calc(-4% \/ 2 );\"><div class=\"fusion-layout-column fusion_builder_column fusion-builder-column-0 fusion_builder_column_1_1 1_1 fusion-flex-column\" style=\"--awb-bg-size:cover;--awb-width-large:100%;--awb-margin-top-large:0px;--awb-spacing-right-large:1.92%;--awb-margin-bottom-large:20px;--awb-spacing-left-large:1.92%;--awb-width-medium:100%;--awb-order-medium:0;--awb-spacing-right-medium:1.92%;--awb-spacing-left-medium:1.92%;--awb-width-small:100%;--awb-order-small:0;--awb-spacing-right-small:1.92%;--awb-spacing-left-small:1.92%;\"><div class=\"fusion-column-wrapper fusion-column-has-shadow fusion-flex-justify-content-flex-start fusion-content-layout-column\"><div class=\"fusion-text fusion-text-1\"><p>Nous sommes un nouveau centre de plong\u00e9e, ouvert en 2022 et situ\u00e9 au Marine Park d\u2019Utende sur l\u2019\u00eele de Mafia. Notre \u00e9cole de plong\u00e9e se trouve \u00e0 15 minutes de l\u2019a\u00e9roport de Kilindoni et \u00e0 deux minutes \u00e0 pied de la c\u00f4te d\u2019Utende.<\/p>\n<p><strong>Pr\u00eat pour la plong\u00e9e en mer ou un cours de plong\u00e9e sur l&rsquo;\u00eele de Mafia ?<\/strong><\/p>\n<p>Nous proposons une vaste vari\u00e9t\u00e9 de cours de plong\u00e9e PADI pour plongeurs sportifs et une exp\u00e9rience de plong\u00e9e pour tous ceux qui souhaitent en faire une premi\u00e8re exp\u00e9rience ! Chez nous, les plongeurs certifi\u00e9s peuvent plonger quotidiennement et profiter de nos divers forfaits de plong\u00e9e. En option pour ceux qui ne souhaitent pas faire de la plong\u00e9e, nous organisons des excursions avec tuba, des pique-niques et autres excursions attractives. Nos groupes sont compos\u00e9s d\u2019un nombre limit\u00e9 de participants, ce qui nous permet de garantir un standard \u00e9lev\u00e9 de professionnalisme, de s\u00e9curit\u00e9 et de plaisir. Parc de Marine Utende: Veuillez noter le droit d\u2019entr\u00e9e quotidien de 23$ par personne.<\/p>\n<\/div><\/div><\/div><\/div><\/div><div class=\"fusion-fullwidth fullwidth-box fusion-builder-row-2 fusion-flex-container nonhundred-percent-fullwidth non-hundred-percent-height-scrolling\" style=\"--awb-border-radius-top-left:0px;--awb-border-radius-top-right:0px;--awb-border-radius-bottom-right:0px;--awb-border-radius-bottom-left:0px;--awb-flex-wrap:wrap;\" ><div class=\"fusion-builder-row fusion-row fusion-flex-align-items-flex-start fusion-flex-content-wrap\" style=\"max-width:1040px;margin-left: calc(-4% \/ 2 );margin-right: calc(-4% \/ 2 );\"><div class=\"fusion-layout-column fusion_builder_column fusion-builder-column-1 fusion_builder_column_1_2 1_2 fusion-flex-column\" style=\"--awb-bg-size:cover;--awb-width-large:50%;--awb-margin-top-large:0px;--awb-spacing-right-large:3.84%;--awb-margin-bottom-large:20px;--awb-spacing-left-large:3.84%;--awb-width-medium:50%;--awb-order-medium:0;--awb-spacing-right-medium:3.84%;--awb-spacing-left-medium:3.84%;--awb-width-small:100%;--awb-order-small:0;--awb-spacing-right-small:1.92%;--awb-spacing-left-small:1.92%;\"><div class=\"fusion-column-wrapper fusion-column-has-shadow fusion-flex-justify-content-flex-start fusion-content-layout-column\"><div class=\"fusion-image-element \" style=\"--awb-caption-title-font-family:var(--h2_typography-font-family);--awb-caption-title-font-weight:var(--h2_typography-font-weight);--awb-caption-title-font-style:var(--h2_typography-font-style);--awb-caption-title-size:var(--h2_typography-font-size);--awb-caption-title-transform:var(--h2_typography-text-transform);--awb-caption-title-line-height:var(--h2_typography-line-height);--awb-caption-title-letter-spacing:var(--h2_typography-letter-spacing);\"><span class=\" fusion-imageframe imageframe-none imageframe-1 hover-type-none\"><img decoding=\"async\" width=\"1080\" height=\"771\" title=\"equipmentroom\" src=\"https:\/\/www.dive-planet.com\/wp-content\/uploads\/2022\/06\/equipmentroom-1.jpg\" data-orig-src=\"https:\/\/www.dive-planet.com\/wp-content\/uploads\/2022\/06\/equipmentroom-1.jpg\" alt class=\"lazyload img-responsive wp-image-393\" srcset=\"data:image\/svg+xml,%3Csvg%20xmlns%3D%27http%3A%2F%2Fwww.w3.org%2F2000%2Fsvg%27%20width%3D%271080%27%20height%3D%27771%27%20viewBox%3D%270%200%201080%20771%27%3E%3Crect%20width%3D%271080%27%20height%3D%27771%27%20fill-opacity%3D%220%22%2F%3E%3C%2Fsvg%3E\" data-srcset=\"https:\/\/www.dive-planet.com\/wp-content\/uploads\/2022\/06\/equipmentroom-1-200x143.jpg 200w, https:\/\/www.dive-planet.com\/wp-content\/uploads\/2022\/06\/equipmentroom-1-400x286.jpg 400w, https:\/\/www.dive-planet.com\/wp-content\/uploads\/2022\/06\/equipmentroom-1-600x428.jpg 600w, https:\/\/www.dive-planet.com\/wp-content\/uploads\/2022\/06\/equipmentroom-1-800x571.jpg 800w, https:\/\/www.dive-planet.com\/wp-content\/uploads\/2022\/06\/equipmentroom-1.jpg 1080w\" data-sizes=\"auto\" data-orig-sizes=\"(max-width: 640px) 100vw, 600px\" \/><\/span><\/div><div class=\"fusion-text fusion-text-2\"><h4>Notre \u00e9cole de plong\u00e9e met aux dispositions de ses clients une salle spacieuse pour le stockage des \u00e9quipements personnels et lou\u00e9s. L\u2019\u00e9quipement de location est fourni par ScubaPro et Mares.<\/h4>\n<\/div><\/div><\/div><div class=\"fusion-layout-column fusion_builder_column fusion-builder-column-2 fusion_builder_column_1_2 1_2 fusion-flex-column\" style=\"--awb-bg-size:cover;--awb-width-large:50%;--awb-margin-top-large:0px;--awb-spacing-right-large:3.84%;--awb-margin-bottom-large:20px;--awb-spacing-left-large:3.84%;--awb-width-medium:50%;--awb-order-medium:0;--awb-spacing-right-medium:3.84%;--awb-spacing-left-medium:3.84%;--awb-width-small:100%;--awb-order-small:0;--awb-spacing-right-small:1.92%;--awb-spacing-left-small:1.92%;\"><div class=\"fusion-column-wrapper fusion-column-has-shadow fusion-flex-justify-content-flex-start fusion-content-layout-column\"><div class=\"fusion-image-element \" style=\"--awb-caption-title-font-family:var(--h2_typography-font-family);--awb-caption-title-font-weight:var(--h2_typography-font-weight);--awb-caption-title-font-style:var(--h2_typography-font-style);--awb-caption-title-size:var(--h2_typography-font-size);--awb-caption-title-transform:var(--h2_typography-text-transform);--awb-caption-title-line-height:var(--h2_typography-line-height);--awb-caption-title-letter-spacing:var(--h2_typography-letter-spacing);\"><span class=\" fusion-imageframe imageframe-none imageframe-2 hover-type-none\"><img decoding=\"async\" width=\"640\" height=\"480\" title=\"terrasse\" src=\"https:\/\/www.dive-planet.com\/wp-content\/uploads\/2022\/08\/3872-1.jpg\" data-orig-src=\"https:\/\/www.dive-planet.com\/wp-content\/uploads\/2022\/08\/3872-1.jpg\" alt class=\"lazyload img-responsive wp-image-739\" srcset=\"data:image\/svg+xml,%3Csvg%20xmlns%3D%27http%3A%2F%2Fwww.w3.org%2F2000%2Fsvg%27%20width%3D%27640%27%20height%3D%27480%27%20viewBox%3D%270%200%20640%20480%27%3E%3Crect%20width%3D%27640%27%20height%3D%27480%27%20fill-opacity%3D%220%22%2F%3E%3C%2Fsvg%3E\" data-srcset=\"https:\/\/www.dive-planet.com\/wp-content\/uploads\/2022\/08\/3872-1-200x150.jpg 200w, https:\/\/www.dive-planet.com\/wp-content\/uploads\/2022\/08\/3872-1-400x300.jpg 400w, https:\/\/www.dive-planet.com\/wp-content\/uploads\/2022\/08\/3872-1-600x450.jpg 600w, https:\/\/www.dive-planet.com\/wp-content\/uploads\/2022\/08\/3872-1.jpg 640w\" data-sizes=\"auto\" data-orig-sizes=\"(max-width: 640px) 100vw, 600px\" \/><\/span><\/div><div class=\"fusion-text fusion-text-3\"><h4>Sur la grande terrasse, vous pouvez boire et\/ou manger et profiter du confort de cette installation. De plus, une douche chaude est disponible.<\/h4>\n<\/div><\/div><\/div><\/div><\/div><div class=\"fusion-fullwidth fullwidth-box fusion-builder-row-3 fusion-flex-container fusion-parallax-none nonhundred-percent-fullwidth non-hundred-percent-height-scrolling lazyload\" style=\"--awb-border-radius-top-left:0px;--awb-border-radius-top-right:0px;--awb-border-radius-bottom-right:0px;--awb-border-radius-bottom-left:0px;--awb-background-size:cover;--awb-flex-wrap:wrap;\" data-bg=\"https:\/\/www.dive-planet.com\/wp-content\/uploads\/2022\/07\/hai_breit-e1657609587359.jpg\" ><div class=\"fusion-builder-row fusion-row fusion-flex-align-items-flex-start fusion-flex-content-wrap\" style=\"max-width:1040px;margin-left: calc(-4% \/ 2 );margin-right: calc(-4% \/ 2 );\"><div class=\"fusion-layout-column fusion_builder_column fusion-builder-column-3 fusion_builder_column_1_2 1_2 fusion-flex-column\" style=\"--awb-bg-size:cover;--awb-width-large:50%;--awb-margin-top-large:0px;--awb-spacing-right-large:3.84%;--awb-margin-bottom-large:20px;--awb-spacing-left-large:3.84%;--awb-width-medium:50%;--awb-order-medium:0;--awb-spacing-right-medium:3.84%;--awb-spacing-left-medium:3.84%;--awb-width-small:100%;--awb-order-small:0;--awb-spacing-right-small:1.92%;--awb-spacing-left-small:1.92%;\"><div class=\"fusion-column-wrapper fusion-column-has-shadow fusion-flex-justify-content-flex-start fusion-content-layout-column\"><div class=\"fusion-image-element \" style=\"--awb-caption-title-font-family:var(--h2_typography-font-family);--awb-caption-title-font-weight:var(--h2_typography-font-weight);--awb-caption-title-font-style:var(--h2_typography-font-style);--awb-caption-title-size:var(--h2_typography-font-size);--awb-caption-title-transform:var(--h2_typography-text-transform);--awb-caption-title-line-height:var(--h2_typography-line-height);--awb-caption-title-letter-spacing:var(--h2_typography-letter-spacing);\"><span class=\" fusion-imageframe imageframe-none imageframe-3 hover-type-none\"><img decoding=\"async\" width=\"1080\" height=\"772\" title=\"pool\" src=\"https:\/\/www.dive-planet.com\/wp-content\/uploads\/2022\/06\/pool-1.jpg\" data-orig-src=\"https:\/\/www.dive-planet.com\/wp-content\/uploads\/2022\/06\/pool-1.jpg\" alt class=\"lazyload img-responsive wp-image-395\" srcset=\"data:image\/svg+xml,%3Csvg%20xmlns%3D%27http%3A%2F%2Fwww.w3.org%2F2000%2Fsvg%27%20width%3D%271080%27%20height%3D%27772%27%20viewBox%3D%270%200%201080%20772%27%3E%3Crect%20width%3D%271080%27%20height%3D%27772%27%20fill-opacity%3D%220%22%2F%3E%3C%2Fsvg%3E\" data-srcset=\"https:\/\/www.dive-planet.com\/wp-content\/uploads\/2022\/06\/pool-1-200x143.jpg 200w, https:\/\/www.dive-planet.com\/wp-content\/uploads\/2022\/06\/pool-1-400x286.jpg 400w, https:\/\/www.dive-planet.com\/wp-content\/uploads\/2022\/06\/pool-1-600x429.jpg 600w, https:\/\/www.dive-planet.com\/wp-content\/uploads\/2022\/06\/pool-1-800x572.jpg 800w, https:\/\/www.dive-planet.com\/wp-content\/uploads\/2022\/06\/pool-1.jpg 1080w\" data-sizes=\"auto\" data-orig-sizes=\"(max-width: 640px) 100vw, 600px\" \/><\/span><\/div><div class=\"fusion-text fusion-text-4\"><h4>La piscine d\u2019eau douce, avec sa profondeur allant de 1 \u00e0 2,5 m\u00e8tres, est sp\u00e9cifiquement con\u00e7ue pour des cours de plong\u00e9e.<\/h4>\n<\/div><\/div><\/div><div class=\"fusion-layout-column fusion_builder_column fusion-builder-column-4 fusion_builder_column_1_2 1_2 fusion-flex-column\" style=\"--awb-bg-size:cover;--awb-width-large:50%;--awb-margin-top-large:0px;--awb-spacing-right-large:3.84%;--awb-margin-bottom-large:20px;--awb-spacing-left-large:3.84%;--awb-width-medium:50%;--awb-order-medium:0;--awb-spacing-right-medium:3.84%;--awb-spacing-left-medium:3.84%;--awb-width-small:100%;--awb-order-small:0;--awb-spacing-right-small:1.92%;--awb-spacing-left-small:1.92%;\"><div class=\"fusion-column-wrapper fusion-column-has-shadow fusion-flex-justify-content-flex-start fusion-content-layout-column\"><div class=\"fusion-image-element \" style=\"--awb-caption-title-font-family:var(--h2_typography-font-family);--awb-caption-title-font-weight:var(--h2_typography-font-weight);--awb-caption-title-font-style:var(--h2_typography-font-style);--awb-caption-title-size:var(--h2_typography-font-size);--awb-caption-title-transform:var(--h2_typography-text-transform);--awb-caption-title-line-height:var(--h2_typography-line-height);--awb-caption-title-letter-spacing:var(--h2_typography-letter-spacing);\"><span class=\" fusion-imageframe imageframe-none imageframe-4 hover-type-none\"><img decoding=\"async\" width=\"1080\" height=\"772\" title=\"kimondo\" src=\"https:\/\/www.dive-planet.com\/wp-content\/uploads\/2022\/06\/kimondo-1.jpg\" data-orig-src=\"https:\/\/www.dive-planet.com\/wp-content\/uploads\/2022\/06\/kimondo-1.jpg\" alt class=\"lazyload img-responsive wp-image-394\" srcset=\"data:image\/svg+xml,%3Csvg%20xmlns%3D%27http%3A%2F%2Fwww.w3.org%2F2000%2Fsvg%27%20width%3D%271080%27%20height%3D%27772%27%20viewBox%3D%270%200%201080%20772%27%3E%3Crect%20width%3D%271080%27%20height%3D%27772%27%20fill-opacity%3D%220%22%2F%3E%3C%2Fsvg%3E\" data-srcset=\"https:\/\/www.dive-planet.com\/wp-content\/uploads\/2022\/06\/kimondo-1-200x143.jpg 200w, https:\/\/www.dive-planet.com\/wp-content\/uploads\/2022\/06\/kimondo-1-400x286.jpg 400w, https:\/\/www.dive-planet.com\/wp-content\/uploads\/2022\/06\/kimondo-1-600x429.jpg 600w, https:\/\/www.dive-planet.com\/wp-content\/uploads\/2022\/06\/kimondo-1-800x572.jpg 800w, https:\/\/www.dive-planet.com\/wp-content\/uploads\/2022\/06\/kimondo-1.jpg 1080w\" data-sizes=\"auto\" data-orig-sizes=\"(max-width: 640px) 100vw, 600px\" \/><\/span><\/div><div class=\"fusion-text fusion-text-5\"><h4>Kimondo, notre vedette ultrarapide avec deux moteurs, est enti\u00e8rement \u00e9quip\u00e9 pour un maximum de 8 plongeurs. Elle nous emm\u00e8ne aux diff\u00e9rents sites de plong\u00e9e.<\/h4>\n<\/div><\/div><\/div><\/div><\/div><div class=\"fusion-fullwidth fullwidth-box fusion-builder-row-4 fusion-flex-container nonhundred-percent-fullwidth non-hundred-percent-height-scrolling\" style=\"--awb-border-radius-top-left:0px;--awb-border-radius-top-right:0px;--awb-border-radius-bottom-right:0px;--awb-border-radius-bottom-left:0px;--awb-flex-wrap:wrap;\" ><div class=\"fusion-builder-row fusion-row fusion-flex-align-items-flex-start fusion-flex-content-wrap\" style=\"max-width:1040px;margin-left: calc(-4% \/ 2 );margin-right: calc(-4% \/ 2 );\"><div class=\"fusion-layout-column fusion_builder_column fusion-builder-column-5 fusion_builder_column_1_1 1_1 fusion-flex-column\" style=\"--awb-bg-size:cover;--awb-width-large:100%;--awb-margin-top-large:0px;--awb-spacing-right-large:1.92%;--awb-margin-bottom-large:20px;--awb-spacing-left-large:1.92%;--awb-width-medium:100%;--awb-order-medium:0;--awb-spacing-right-medium:1.92%;--awb-spacing-left-medium:1.92%;--awb-width-small:100%;--awb-order-small:0;--awb-spacing-right-small:1.92%;--awb-spacing-left-small:1.92%;\"><div class=\"fusion-column-wrapper fusion-column-has-shadow fusion-flex-justify-content-flex-start fusion-content-layout-block\"><div class=\"fusion-image-element in-legacy-container\" style=\"--awb-caption-title-font-family:var(--h2_typography-font-family);--awb-caption-title-font-weight:var(--h2_typography-font-weight);--awb-caption-title-font-style:var(--h2_typography-font-style);--awb-caption-title-size:var(--h2_typography-font-size);--awb-caption-title-transform:var(--h2_typography-text-transform);--awb-caption-title-line-height:var(--h2_typography-line-height);--awb-caption-title-letter-spacing:var(--h2_typography-letter-spacing);\"><span class=\" fusion-imageframe imageframe-none imageframe-5 hover-type-none\"><img decoding=\"async\" width=\"2000\" height=\"588\" title=\"crew_dive_planet\" src=\"https:\/\/www.dive-planet.com\/wp-content\/uploads\/2022\/06\/crew_dive_planet-2.jpg\" data-orig-src=\"https:\/\/www.dive-planet.com\/wp-content\/uploads\/2022\/06\/crew_dive_planet-2.jpg\" alt class=\"lazyload img-responsive wp-image-397\" srcset=\"data:image\/svg+xml,%3Csvg%20xmlns%3D%27http%3A%2F%2Fwww.w3.org%2F2000%2Fsvg%27%20width%3D%272000%27%20height%3D%27588%27%20viewBox%3D%270%200%202000%20588%27%3E%3Crect%20width%3D%272000%27%20height%3D%27588%27%20fill-opacity%3D%220%22%2F%3E%3C%2Fsvg%3E\" data-srcset=\"https:\/\/www.dive-planet.com\/wp-content\/uploads\/2022\/06\/crew_dive_planet-2-200x59.jpg 200w, https:\/\/www.dive-planet.com\/wp-content\/uploads\/2022\/06\/crew_dive_planet-2-400x118.jpg 400w, https:\/\/www.dive-planet.com\/wp-content\/uploads\/2022\/06\/crew_dive_planet-2-600x176.jpg 600w, https:\/\/www.dive-planet.com\/wp-content\/uploads\/2022\/06\/crew_dive_planet-2-800x235.jpg 800w, https:\/\/www.dive-planet.com\/wp-content\/uploads\/2022\/06\/crew_dive_planet-2-1200x353.jpg 1200w, https:\/\/www.dive-planet.com\/wp-content\/uploads\/2022\/06\/crew_dive_planet-2.jpg 2000w\" data-sizes=\"auto\" data-orig-sizes=\"(max-width: 640px) 100vw, 1200px\" \/><\/span><\/div><div class=\"fusion-text fusion-text-6\"><h4>Notre \u00e9quipe tr\u00e8s exp\u00e9riment\u00e9e et locale conna\u00eet les meilleurs spots de plong\u00e9e. Une tr\u00e8s haute qualit\u00e9 et un professionnalisme \u00e0 toute \u00e9preuve sont nos priorit\u00e9s<\/h4>\n<\/div><\/div><\/div><\/div><\/div><\/p>\n","protected":false},"excerpt":{"rendered":"","protected":false},"author":3,"featured_media":0,"parent":0,"menu_order":10,"comment_status":"closed","ping_status":"closed","template":"100-width.php","meta":{"inline_featured_image":false,"footnotes":""},"class_list":["post-445","page","type-page","status-publish","hentry"],"_links":{"self":[{"href":"https:\/\/www.dive-planet.com\/fr\/wp-json\/wp\/v2\/pages\/445","targetHints":{"allow":["GET"]}}],"collection":[{"href":"https:\/\/www.dive-planet.com\/fr\/wp-json\/wp\/v2\/pages"}],"about":[{"href":"https:\/\/www.dive-planet.com\/fr\/wp-json\/wp\/v2\/types\/page"}],"author":[{"embeddable":true,"href":"https:\/\/www.dive-planet.com\/fr\/wp-json\/wp\/v2\/users\/3"}],"replies":[{"embeddable":true,"href":"https:\/\/www.dive-planet.com\/fr\/wp-json\/wp\/v2\/comments?post=445"}],"version-history":[{"count":12,"href":"https:\/\/www.dive-planet.com\/fr\/wp-json\/wp\/v2\/pages\/445\/revisions"}],"predecessor-version":[{"id":1055,"href":"https:\/\/www.dive-planet.com\/fr\/wp-json\/wp\/v2\/pages\/445\/revisions\/1055"}],"wp:attachment":[{"href":"https:\/\/www.dive-planet.com\/fr\/wp-json\/wp\/v2\/media?parent=445"}],"curies":[{"name":"wp","href":"https:\/\/api.w.org\/{rel}","templated":true}]}}