{"id":451,"date":"2022-06-29T10:12:00","date_gmt":"2022-06-29T07:12:00","guid":{"rendered":"https:\/\/www.dive-planet.com\/excursions\/"},"modified":"2022-07-30T11:45:22","modified_gmt":"2022-07-30T08:45:22","slug":"excursions","status":"publish","type":"page","link":"https:\/\/www.dive-planet.com\/fr\/excursions\/","title":{"rendered":"Excursions"},"content":{"rendered":"<p><div class=\"fusion-fullwidth fullwidth-box fusion-builder-row-1 fusion-flex-container fusion-parallax-none nonhundred-percent-fullwidth non-hundred-percent-height-scrolling lazyload\" style=\"--awb-border-radius-top-left:0px;--awb-border-radius-top-right:0px;--awb-border-radius-bottom-right:0px;--awb-border-radius-bottom-left:0px;--awb-background-size:cover;--awb-flex-wrap:wrap;\" data-bg=\"https:\/\/www.dive-planet.com\/wp-content\/uploads\/2022\/07\/krabbe_breit-1.jpg\" ><div class=\"fusion-builder-row fusion-row fusion-flex-align-items-flex-start fusion-flex-content-wrap\" style=\"max-width:1040px;margin-left: calc(-4% \/ 2 );margin-right: calc(-4% \/ 2 );\"><div class=\"fusion-layout-column fusion_builder_column fusion-builder-column-0 fusion_builder_column_1_1 1_1 fusion-flex-column\" style=\"--awb-bg-size:cover;--awb-width-large:100%;--awb-margin-top-large:0px;--awb-spacing-right-large:1.92%;--awb-margin-bottom-large:20px;--awb-spacing-left-large:1.92%;--awb-width-medium:100%;--awb-order-medium:0;--awb-spacing-right-medium:1.92%;--awb-spacing-left-medium:1.92%;--awb-width-small:100%;--awb-order-small:0;--awb-spacing-right-small:1.92%;--awb-spacing-left-small:1.92%;\"><div class=\"fusion-column-wrapper fusion-column-has-shadow fusion-flex-justify-content-flex-start fusion-content-layout-column\"><div class=\"fusion-text fusion-text-1\"><p>Nul doute que plonger est la plus belle chose \u00e0 vivre ! Entour\u00e9(e) de plantes sous-marines et d&rsquo;animaux marins fascinants, vous am\u00e9liorez vos comp\u00e9tences, surmontez de nouveaux d\u00e9fis et devenez tout simplement encore meilleur. Cependant, comme dans beaucoup d\u2019autres situations, il faut un contrepoids pour maintenir l&rsquo;\u00e9quilibre int\u00e9rieur.<\/p>\n<p>C\u2019est pour cette raison que \u00ab Dive Planet \u00bb vous propose un large choix de magnifiques excursions. Laissez-vous emporter, laissez-vous vous aller\u2026 et profitez tout simplement d&rsquo;\u00eatre ici. Nos excursions avec tuba, nos pique-niques et les nombreuses autres excursions procurent un merveilleux \u00e9quilibre qui fait de votre s\u00e9jour chez nous une \u00ab\u00a0exp\u00e9rience compl\u00e8te\u00a0\u00bb.<\/p>\n<\/div><div class=\"fusion-image-element \" style=\"--awb-caption-title-font-family:var(--h2_typography-font-family);--awb-caption-title-font-weight:var(--h2_typography-font-weight);--awb-caption-title-font-style:var(--h2_typography-font-style);--awb-caption-title-size:var(--h2_typography-font-size);--awb-caption-title-transform:var(--h2_typography-text-transform);--awb-caption-title-line-height:var(--h2_typography-line-height);--awb-caption-title-letter-spacing:var(--h2_typography-letter-spacing);\"><span class=\" fusion-imageframe imageframe-none imageframe-1 hover-type-none\"><img decoding=\"async\" width=\"2560\" height=\"633\" title=\"relaxing\" src=\"https:\/\/www.dive-planet.com\/wp-content\/uploads\/2022\/07\/relaxing-scaled-e1657094663790.jpg\" data-orig-src=\"https:\/\/www.dive-planet.com\/wp-content\/uploads\/2022\/07\/relaxing-scaled-e1657094663790.jpg\" alt class=\"lazyload img-responsive wp-image-412\" srcset=\"data:image\/svg+xml,%3Csvg%20xmlns%3D%27http%3A%2F%2Fwww.w3.org%2F2000%2Fsvg%27%20width%3D%272560%27%20height%3D%27633%27%20viewBox%3D%270%200%202560%20633%27%3E%3Crect%20width%3D%272560%27%20height%3D%27633%27%20fill-opacity%3D%220%22%2F%3E%3C%2Fsvg%3E\" data-srcset=\"https:\/\/www.dive-planet.com\/wp-content\/uploads\/2022\/07\/relaxing-scaled-e1657094663790-200x49.jpg 200w, https:\/\/www.dive-planet.com\/wp-content\/uploads\/2022\/07\/relaxing-scaled-e1657094663790-400x99.jpg 400w, https:\/\/www.dive-planet.com\/wp-content\/uploads\/2022\/07\/relaxing-scaled-e1657094663790-600x148.jpg 600w, https:\/\/www.dive-planet.com\/wp-content\/uploads\/2022\/07\/relaxing-scaled-e1657094663790-800x198.jpg 800w, https:\/\/www.dive-planet.com\/wp-content\/uploads\/2022\/07\/relaxing-scaled-e1657094663790-1200x297.jpg 1200w, https:\/\/www.dive-planet.com\/wp-content\/uploads\/2022\/07\/relaxing-scaled-e1657094663790.jpg 2560w\" data-sizes=\"auto\" data-orig-sizes=\"(max-width: 640px) 100vw, 1200px\" \/><\/span><\/div><div class=\"fusion-text fusion-text-2\"><p>Nos \u00e9v\u00e9nements suscitent tous vos sens. Que diriez-vous d\u2019un repas fabuleux sur un magnifique banc de sable, apr\u00e8s une plong\u00e9e avec tuba ? La mer, le ciel, la plage et les moments qui vous font oublier votre quotidien\u2026 tout simplement merveilleux !<\/p>\n<\/div><\/div><\/div><\/div><\/div><div class=\"fusion-fullwidth fullwidth-box fusion-builder-row-2 fusion-flex-container fusion-parallax-none nonhundred-percent-fullwidth non-hundred-percent-height-scrolling lazyload\" style=\"--awb-background-position:right bottom;--awb-border-radius-top-left:0px;--awb-border-radius-top-right:0px;--awb-border-radius-bottom-right:0px;--awb-border-radius-bottom-left:0px;--awb-background-size:cover;--awb-flex-wrap:wrap;\" data-bg=\"https:\/\/www.dive-planet.com\/wp-content\/uploads\/2022\/07\/rochen_breit-e1657611470355.jpg\" ><div class=\"fusion-builder-row fusion-row fusion-flex-align-items-flex-start fusion-flex-content-wrap\" style=\"max-width:1040px;margin-left: calc(-4% \/ 2 );margin-right: calc(-4% \/ 2 );\"><div class=\"fusion-layout-column fusion_builder_column fusion-builder-column-1 fusion_builder_column_2_3 2_3 fusion-flex-column\" style=\"--awb-bg-size:cover;--awb-width-large:66.666666666667%;--awb-margin-top-large:0px;--awb-spacing-right-large:2.88%;--awb-margin-bottom-large:20px;--awb-spacing-left-large:2.88%;--awb-width-medium:66.666666666667%;--awb-order-medium:0;--awb-spacing-right-medium:2.88%;--awb-spacing-left-medium:2.88%;--awb-width-small:100%;--awb-order-small:0;--awb-spacing-right-small:1.92%;--awb-spacing-left-small:1.92%;\"><div class=\"fusion-column-wrapper fusion-column-has-shadow fusion-flex-justify-content-flex-start fusion-content-layout-column\"><div class=\"fusion-image-element \" style=\"--awb-caption-title-font-family:var(--h2_typography-font-family);--awb-caption-title-font-weight:var(--h2_typography-font-weight);--awb-caption-title-font-style:var(--h2_typography-font-style);--awb-caption-title-size:var(--h2_typography-font-size);--awb-caption-title-transform:var(--h2_typography-text-transform);--awb-caption-title-line-height:var(--h2_typography-line-height);--awb-caption-title-letter-spacing:var(--h2_typography-letter-spacing);\"><span class=\" fusion-imageframe imageframe-none imageframe-2 hover-type-none\"><img decoding=\"async\" width=\"1920\" height=\"1166\" title=\"fish_lunch\" src=\"https:\/\/www.dive-planet.com\/wp-content\/uploads\/2022\/07\/fish_lunch-scaled-e1657095124866.jpg\" data-orig-src=\"https:\/\/www.dive-planet.com\/wp-content\/uploads\/2022\/07\/fish_lunch-scaled-e1657095124866.jpg\" alt class=\"lazyload img-responsive wp-image-411\" srcset=\"data:image\/svg+xml,%3Csvg%20xmlns%3D%27http%3A%2F%2Fwww.w3.org%2F2000%2Fsvg%27%20width%3D%271920%27%20height%3D%271166%27%20viewBox%3D%270%200%201920%201166%27%3E%3Crect%20width%3D%271920%27%20height%3D%271166%27%20fill-opacity%3D%220%22%2F%3E%3C%2Fsvg%3E\" data-srcset=\"https:\/\/www.dive-planet.com\/wp-content\/uploads\/2022\/07\/fish_lunch-scaled-e1657095124866-200x121.jpg 200w, https:\/\/www.dive-planet.com\/wp-content\/uploads\/2022\/07\/fish_lunch-scaled-e1657095124866-400x243.jpg 400w, https:\/\/www.dive-planet.com\/wp-content\/uploads\/2022\/07\/fish_lunch-scaled-e1657095124866-600x364.jpg 600w, https:\/\/www.dive-planet.com\/wp-content\/uploads\/2022\/07\/fish_lunch-scaled-e1657095124866-800x486.jpg 800w, https:\/\/www.dive-planet.com\/wp-content\/uploads\/2022\/07\/fish_lunch-scaled-e1657095124866-1200x729.jpg 1200w, https:\/\/www.dive-planet.com\/wp-content\/uploads\/2022\/07\/fish_lunch-scaled-e1657095124866.jpg 1920w\" data-sizes=\"auto\" data-orig-sizes=\"(max-width: 640px) 100vw, 800px\" \/><\/span><\/div><\/div><\/div><div class=\"fusion-layout-column fusion_builder_column fusion-builder-column-2 fusion_builder_column_1_3 1_3 fusion-flex-column\" style=\"--awb-bg-size:cover;--awb-width-large:33.333333333333%;--awb-margin-top-large:0px;--awb-spacing-right-large:5.76%;--awb-margin-bottom-large:20px;--awb-spacing-left-large:5.76%;--awb-width-medium:33.333333333333%;--awb-order-medium:0;--awb-spacing-right-medium:5.76%;--awb-spacing-left-medium:5.76%;--awb-width-small:100%;--awb-order-small:0;--awb-spacing-right-small:1.92%;--awb-spacing-left-small:1.92%;\"><div class=\"fusion-column-wrapper fusion-column-has-shadow fusion-flex-justify-content-flex-start fusion-content-layout-column\"><div class=\"fusion-image-element \" style=\"--awb-caption-title-font-family:var(--h2_typography-font-family);--awb-caption-title-font-weight:var(--h2_typography-font-weight);--awb-caption-title-font-style:var(--h2_typography-font-style);--awb-caption-title-size:var(--h2_typography-font-size);--awb-caption-title-transform:var(--h2_typography-text-transform);--awb-caption-title-line-height:var(--h2_typography-line-height);--awb-caption-title-letter-spacing:var(--h2_typography-letter-spacing);\"><span class=\" fusion-imageframe imageframe-none imageframe-3 hover-type-none\"><img decoding=\"async\" width=\"905\" height=\"1175\" title=\"fish_lunch_2\" src=\"https:\/\/www.dive-planet.com\/wp-content\/uploads\/2022\/07\/fish_lunch_2-e1657095190288.jpg\" data-orig-src=\"https:\/\/www.dive-planet.com\/wp-content\/uploads\/2022\/07\/fish_lunch_2-e1657095190288.jpg\" alt class=\"lazyload img-responsive wp-image-410\" srcset=\"data:image\/svg+xml,%3Csvg%20xmlns%3D%27http%3A%2F%2Fwww.w3.org%2F2000%2Fsvg%27%20width%3D%27905%27%20height%3D%271175%27%20viewBox%3D%270%200%20905%201175%27%3E%3Crect%20width%3D%27905%27%20height%3D%271175%27%20fill-opacity%3D%220%22%2F%3E%3C%2Fsvg%3E\" data-srcset=\"https:\/\/www.dive-planet.com\/wp-content\/uploads\/2022\/07\/fish_lunch_2-e1657095190288-200x260.jpg 200w, https:\/\/www.dive-planet.com\/wp-content\/uploads\/2022\/07\/fish_lunch_2-e1657095190288-400x519.jpg 400w, https:\/\/www.dive-planet.com\/wp-content\/uploads\/2022\/07\/fish_lunch_2-e1657095190288-600x779.jpg 600w, https:\/\/www.dive-planet.com\/wp-content\/uploads\/2022\/07\/fish_lunch_2-e1657095190288-800x1039.jpg 800w, https:\/\/www.dive-planet.com\/wp-content\/uploads\/2022\/07\/fish_lunch_2-e1657095190288.jpg 905w\" data-sizes=\"auto\" data-orig-sizes=\"(max-width: 640px) 100vw, 400px\" \/><\/span><\/div><\/div><\/div><\/div><\/div><\/p>\n","protected":false},"excerpt":{"rendered":"","protected":false},"author":3,"featured_media":0,"parent":0,"menu_order":30,"comment_status":"closed","ping_status":"closed","template":"100-width.php","meta":{"inline_featured_image":false,"footnotes":""},"class_list":["post-451","page","type-page","status-publish","hentry"],"_links":{"self":[{"href":"https:\/\/www.dive-planet.com\/fr\/wp-json\/wp\/v2\/pages\/451","targetHints":{"allow":["GET"]}}],"collection":[{"href":"https:\/\/www.dive-planet.com\/fr\/wp-json\/wp\/v2\/pages"}],"about":[{"href":"https:\/\/www.dive-planet.com\/fr\/wp-json\/wp\/v2\/types\/page"}],"author":[{"embeddable":true,"href":"https:\/\/www.dive-planet.com\/fr\/wp-json\/wp\/v2\/users\/3"}],"replies":[{"embeddable":true,"href":"https:\/\/www.dive-planet.com\/fr\/wp-json\/wp\/v2\/comments?post=451"}],"version-history":[{"count":1,"href":"https:\/\/www.dive-planet.com\/fr\/wp-json\/wp\/v2\/pages\/451\/revisions"}],"predecessor-version":[{"id":669,"href":"https:\/\/www.dive-planet.com\/fr\/wp-json\/wp\/v2\/pages\/451\/revisions\/669"}],"wp:attachment":[{"href":"https:\/\/www.dive-planet.com\/fr\/wp-json\/wp\/v2\/media?parent=451"}],"curies":[{"name":"wp","href":"https:\/\/api.w.org\/{rel}","templated":true}]}}