{"id":468,"date":"2022-06-29T10:11:38","date_gmt":"2022-06-29T07:11:38","guid":{"rendered":"https:\/\/www.dive-planet.com\/diving-courses\/"},"modified":"2022-07-30T11:45:21","modified_gmt":"2022-07-30T08:45:21","slug":"diving-courses","status":"publish","type":"page","link":"https:\/\/www.dive-planet.com\/fr\/diving-courses\/","title":{"rendered":"Cours de plong\u00e9e"},"content":{"rendered":"<div class=\"fusion-fullwidth fullwidth-box fusion-builder-row-1 fusion-flex-container nonhundred-percent-fullwidth non-hundred-percent-height-scrolling\" style=\"--awb-border-radius-top-left:0px;--awb-border-radius-top-right:0px;--awb-border-radius-bottom-right:0px;--awb-border-radius-bottom-left:0px;--awb-flex-wrap:wrap;\" ><div class=\"fusion-builder-row fusion-row fusion-flex-align-items-flex-start fusion-flex-content-wrap\" style=\"max-width:1040px;margin-left: calc(-4% \/ 2 );margin-right: calc(-4% \/ 2 );\"><div class=\"fusion-layout-column fusion_builder_column fusion-builder-column-0 fusion_builder_column_1_1 1_1 fusion-flex-column\" style=\"--awb-bg-size:cover;--awb-width-large:100%;--awb-margin-top-large:0px;--awb-spacing-right-large:1.92%;--awb-margin-bottom-large:20px;--awb-spacing-left-large:1.92%;--awb-width-medium:100%;--awb-order-medium:0;--awb-spacing-right-medium:1.92%;--awb-spacing-left-medium:1.92%;--awb-width-small:100%;--awb-order-small:0;--awb-spacing-right-small:1.92%;--awb-spacing-left-small:1.92%;\"><div class=\"fusion-column-wrapper fusion-column-has-shadow fusion-flex-justify-content-flex-start fusion-content-layout-column\"><div class=\"accordian fusion-accordian\" style=\"--awb-border-size:0px;--awb-icon-size:22px;--awb-content-font-size:1.5en;--awb-icon-alignment:left;--awb-hover-color:var(--awb-color1);--awb-border-color:var(--awb-color4);--awb-background-color:var(--awb-color1);--awb-divider-color:var(--awb-color1);--awb-divider-hover-color:var(--awb-color3);--awb-icon-color:var(--awb-color4);--awb-title-color:var(--awb-color1);--awb-content-color:var(--awb-color8);--awb-icon-box-color:var(--awb-color1);--awb-toggle-hover-accent-color:var(--awb-color4);--awb-title-font-family:&quot;refrigerator-deluxe&quot;;--awb-title-font-weight:400;--awb-title-font-style:normal;--awb-title-font-size:2em;--awb-content-font-family:&quot;refrigerator-deluxe&quot;;--awb-content-font-style:normal;--awb-content-font-weight:400;\"><div class=\"panel-group fusion-toggle-icon-unboxed\" id=\"accordion-468-1\"><div class=\"fusion-panel panel-default panel-013c333d6b3ae546e fusion-toggle-no-divider fusion-toggle-boxed-mode\" style=\"--awb-title-color:var(--awb-color8);--awb-content-color:var(--awb-color8);\"><div class=\"panel-heading\"><h4 class=\"panel-title toggle\" id=\"toggle_013c333d6b3ae546e\"><a aria-expanded=\"false\" aria-controls=\"013c333d6b3ae546e\" role=\"button\" data-toggle=\"collapse\" data-parent=\"#accordion-468-1\" data-target=\"#013c333d6b3ae546e\" href=\"#013c333d6b3ae546e\"><span class=\"fusion-toggle-icon-wrapper\" aria-hidden=\"true\"><i class=\"fa-fusion-box active-icon fa-minus fas\" aria-hidden=\"true\"><\/i><i class=\"fa-fusion-box inactive-icon fa-plus fas\" aria-hidden=\"true\"><\/i><\/span><span class=\"fusion-toggle-heading\">D\u00e9couvrez le Scuba Diving !<\/span><\/a><\/h4><\/div><div id=\"013c333d6b3ae546e\" class=\"panel-collapse collapse \" aria-labelledby=\"toggle_013c333d6b3ae546e\"><div class=\"panel-body toggle-content fusion-clearfix\">\n<p><strong>Une d\u00e9couverte unique pour toutes les personnes de plus de 10 ans qui souhaitent vivre pour la premi\u00e8re fois une plong\u00e9e en mer.<\/strong><\/p>\n<p><strong>Conditions :<\/strong><\/p>\n<ul>\n<li><strong>\u00c2ge minimum 10 ans<\/strong><\/li>\n<li><strong>Personnes sachant bien nager<\/strong><\/li>\n<li><strong>Personnes ayant compl\u00e9t\u00e9 le formulaire m\u00e9dical<\/strong><\/li>\n<\/ul>\n<p><strong>Convient aux d\u00e9butants<\/strong><\/p>\n<p>Vous avez des doutes ou vous n\u2019osez pas participer \u00e0 un cours de plong\u00e9e&nbsp;? Le programme PADI <em>Discover Scuba Diving<\/em> vous permettra d&rsquo;acqu\u00e9rir les connaissances de base et de d\u00e9terminer si la plong\u00e9e est faite pour vous&nbsp;! Ce cours n\u2019est pas un cours de certification, mais il vous permettra de vivre la fascination de la plong\u00e9e et d\u2019explorer le merveilleux monde sous-marin.<\/p>\n<p><strong>&nbsp;<\/strong><\/p>\n<p>Le cours d\u00e9bute par un briefing intensif sur la th\u00e9orie et la physique de la plong\u00e9e. Ensuite, nous compilons votre \u00e9quipement. Et vous voil\u00e0 pr\u00eat(e) \u00e0 prendre votre premi\u00e8re respiration sous l\u2019eau&nbsp;! Apr\u00e8s divers exercices dans notre piscine, vous effectuez votre premi\u00e8re plong\u00e9e avec votre moniteur de plong\u00e9e \u2013 une exp\u00e9rience inoubliable&nbsp;! Tout cela se passe dans un environnement magnifique et tr\u00e8s agr\u00e9able, sur l\u2019\u00eele de Mafia.<\/p>\n<p><strong>Dur\u00e9e : une demi-journ\u00e9e &nbsp;&nbsp;&nbsp;<\/strong><br \/>\n<strong>Profondeur maximale &nbsp;12 m\u00e8tres&nbsp;&nbsp;&nbsp;&nbsp;<\/strong><br \/>\n<strong>Prix&nbsp;: 1 plong\u00e9e 120$, 2 plong\u00e9es 170$<\/strong><\/p>\n<\/div><\/div><\/div><div class=\"fusion-panel panel-default panel-43704b7bd81e48a3e fusion-toggle-no-divider fusion-toggle-boxed-mode\" style=\"--awb-title-color:var(--awb-color8);--awb-content-color:var(--awb-color8);\"><div class=\"panel-heading\"><h4 class=\"panel-title toggle\" id=\"toggle_43704b7bd81e48a3e\"><a aria-expanded=\"false\" aria-controls=\"43704b7bd81e48a3e\" role=\"button\" data-toggle=\"collapse\" data-parent=\"#accordion-468-1\" data-target=\"#43704b7bd81e48a3e\" href=\"#43704b7bd81e48a3e\"><span class=\"fusion-toggle-icon-wrapper\" aria-hidden=\"true\"><i class=\"fa-fusion-box active-icon fa-minus fas\" aria-hidden=\"true\"><\/i><i class=\"fa-fusion-box inactive-icon fa-plus fas\" aria-hidden=\"true\"><\/i><\/span><span class=\"fusion-toggle-heading\">Scuba Diver<\/span><\/a><\/h4><\/div><div id=\"43704b7bd81e48a3e\" class=\"panel-collapse collapse \" aria-labelledby=\"toggle_43704b7bd81e48a3e\"><div class=\"panel-body toggle-content fusion-clearfix\">\n<p>C\u2019est la licence de plong\u00e9e de base qui vous permettra de plonger dans le monde entier sous supervision.<\/p>\n<p><strong>Conditions :<\/strong><\/p>\n<ul>\n<li><strong>\u00c2ge minimum 10 ans<\/strong><\/li>\n<li><strong>Personnes sachant bien nager<\/strong><\/li>\n<li><strong>Personnes ayant compl\u00e9t\u00e9 le formulaire m\u00e9dical<\/strong><\/li>\n<\/ul>\n<p><strong>Convient aux d\u00e9butants<\/strong><\/p>\n<p>Ce cours s\u2019adresse \u00e0 toutes les personnes souhaitant obtenir une licence de plong\u00e9e, mis qui n\u2019ont que de peu de temps \u00e0 disposition pendant leurs vacances. Le cours dure 2 jours. Vous b\u00e9n\u00e9ficierez de 3 heures de th\u00e9orie et 3 heures de formation pratique en eau confin\u00e9e ainsi que de 2 plong\u00e9es compl\u00e8tes en eau libre. Dans les 12 mois qui suivent la fin du cours Scuba Diver, vous pouvez suivre le cours Open Water Diver.<\/p>\n<p><strong>Dur\u00e9e : 2 jours &nbsp;&nbsp;&nbsp;&nbsp;&nbsp;&nbsp;&nbsp;&nbsp;&nbsp;&nbsp;<\/strong><br \/>\n<strong>Profondeur maximale &nbsp;12 m\u00e8tres&nbsp;&nbsp;&nbsp;&nbsp;<\/strong><br \/>\n<strong>Prix : 400$<\/strong><\/p>\n<\/div><\/div><\/div><div class=\"fusion-panel panel-default panel-7acff9f36de238947 fusion-toggle-no-divider fusion-toggle-boxed-mode\" style=\"--awb-title-color:var(--awb-color8);--awb-content-color:var(--awb-color8);\"><div class=\"panel-heading\"><h4 class=\"panel-title toggle\" id=\"toggle_7acff9f36de238947\"><a aria-expanded=\"false\" aria-controls=\"7acff9f36de238947\" role=\"button\" data-toggle=\"collapse\" data-parent=\"#accordion-468-1\" data-target=\"#7acff9f36de238947\" href=\"#7acff9f36de238947\"><span class=\"fusion-toggle-icon-wrapper\" aria-hidden=\"true\"><i class=\"fa-fusion-box active-icon fa-minus fas\" aria-hidden=\"true\"><\/i><i class=\"fa-fusion-box inactive-icon fa-plus fas\" aria-hidden=\"true\"><\/i><\/span><span class=\"fusion-toggle-heading\">Open Water<\/span><\/a><\/h4><\/div><div id=\"7acff9f36de238947\" class=\"panel-collapse collapse \" aria-labelledby=\"toggle_7acff9f36de238947\"><div class=\"panel-body toggle-content fusion-clearfix\">\n<p><strong>C\u2019est une licence de plong\u00e9e reconnue sur le plan international. Dans le monde entier, avec ou sans supervision, vous pouvez plonger jusqu\u2019\u00e0 une profondeur de 18 m\u00e8tres.<\/strong><\/p>\n<p><strong>Conditions :<\/strong><\/p>\n<ul>\n<li><strong>\u00c2ge minimum 10 ans<\/strong><\/li>\n<li><strong>Personnes sachant bien nager<\/strong><\/li>\n<li><strong>Personnes ayant compl\u00e9t\u00e9 le formulaire m\u00e9dical<\/strong><\/li>\n<\/ul>\n<p><strong>Convient aux d\u00e9butants<\/strong><\/p>\n<p>Le cours se compose de 5 parties th\u00e9oriques, 5 plong\u00e9es en eau confin\u00e9e et au moins 4 plong\u00e9es en eau libre. La dur\u00e9e du cours d\u00e9pend de votre disponibilit\u00e9. Nous ne donnons pas de directives, mais nous nous adaptons \u00e0 vos besoins individuels. Cependant, vous devriez pr\u00e9voir au moins 3 jours pour suivre ce cours. Contactez-nous pour des informations compl\u00e9mentaires. Exp\u00e9rimentez une toute nouvelle sensation et r\u00e9galez-vous du magnifique monde sous-marin&nbsp;!<\/p>\n<p><strong>Dur\u00e9e : 3 \u00e0 4 jours &nbsp;&nbsp;&nbsp;&nbsp;&nbsp;&nbsp;&nbsp;&nbsp;&nbsp;&nbsp;&nbsp;&nbsp;&nbsp;&nbsp;&nbsp;&nbsp;<\/strong><br \/>\n<strong>Profondeur maximale &nbsp;18 m\u00e8tres&nbsp;&nbsp;&nbsp;&nbsp;<\/strong><br \/>\n<strong>Prix : 525$<\/strong><\/p>\n<\/div><\/div><\/div><div class=\"fusion-panel panel-default panel-9ed621bf2be6dbe1d fusion-toggle-no-divider fusion-toggle-boxed-mode\" style=\"--awb-title-color:var(--awb-color8);--awb-content-color:var(--awb-color8);\"><div class=\"panel-heading\"><h4 class=\"panel-title toggle\" id=\"toggle_9ed621bf2be6dbe1d\"><a aria-expanded=\"false\" aria-controls=\"9ed621bf2be6dbe1d\" role=\"button\" data-toggle=\"collapse\" data-parent=\"#accordion-468-1\" data-target=\"#9ed621bf2be6dbe1d\" href=\"#9ed621bf2be6dbe1d\"><span class=\"fusion-toggle-icon-wrapper\" aria-hidden=\"true\"><i class=\"fa-fusion-box active-icon fa-minus fas\" aria-hidden=\"true\"><\/i><i class=\"fa-fusion-box inactive-icon fa-plus fas\" aria-hidden=\"true\"><\/i><\/span><span class=\"fusion-toggle-heading\">Advanced<\/span><\/a><\/h4><\/div><div id=\"9ed621bf2be6dbe1d\" class=\"panel-collapse collapse \" aria-labelledby=\"toggle_9ed621bf2be6dbe1d\"><div class=\"panel-body toggle-content fusion-clearfix\">\n<p><strong>Avec ce cours avanc\u00e9, vous am\u00e9liorez votre technique de plong\u00e9e et approfondissez vos connaissances \u00e9l\u00e9mentaires.<\/strong><\/p>\n<p><strong>Conditions :<\/strong><\/p>\n<ul>\n<li><strong>\u00c2ge minimum 10 ans<\/strong><\/li>\n<li><strong>Personnes d\u00e9tentrices d\u2019un PADI Open Water Diver ou d\u2019une licence de plong\u00e9e \u00e9quivalente \u00e9mise par une autre \u00e9cole de plong\u00e9e<\/strong><\/li>\n<li><strong>Personnes ayant compl\u00e9t\u00e9 le formulaire m\u00e9dical<\/strong><\/li>\n<\/ul>\n<p>Les autres \u00e9l\u00e9ments de ce cours sont&nbsp;des plong\u00e9es profondes (\u00e0 plus de 18 m\u00e8tres) et la navigation sous-marine. Le cours se compose de 5 plong\u00e9es que vous choisirez selon vos pr\u00e9f\u00e9rences individuelles. En plus des deux plong\u00e9es obligatoires, la plong\u00e9e profonde (plus de 18 m\u00e8tres de profondeur) et la navigation, vous pouvez choisir parmi une vari\u00e9t\u00e9 d&rsquo;autres plong\u00e9es d&rsquo;aventure comme la plong\u00e9e sur \u00e9pave ou la plong\u00e9e de nuit. Vous trouverez une s\u00e9lection d\u00e9taill\u00e9e sous \u00ab&nbsp;Cours sp\u00e9ciaux&nbsp;\u00bb. Besoin d\u2019informations compl\u00e9mentaires&nbsp;? Appelez-nous ou envoyez-nous un e-mail&nbsp;! Nous serions ravis de composer pour vous un programme d\u2019aventures fantastique&nbsp;!<\/p>\n<p><strong>Dur\u00e9e : 2 \u00e0 3 jours &nbsp;&nbsp;&nbsp;&nbsp;<\/strong><br \/>\n<strong>Profondeur maximale &nbsp;30 m\u00e8tres&nbsp;&nbsp;&nbsp;&nbsp;<\/strong><br \/>\n<strong>Prix : 450$<\/strong><\/p>\n<\/div><\/div><\/div><div class=\"fusion-panel panel-default panel-b7e9d937f24b6b613 fusion-toggle-no-divider fusion-toggle-boxed-mode\" style=\"--awb-title-color:var(--awb-color8);--awb-content-color:var(--awb-color8);\"><div class=\"panel-heading\"><h4 class=\"panel-title toggle\" id=\"toggle_b7e9d937f24b6b613\"><a aria-expanded=\"false\" aria-controls=\"b7e9d937f24b6b613\" role=\"button\" data-toggle=\"collapse\" data-parent=\"#accordion-468-1\" data-target=\"#b7e9d937f24b6b613\" href=\"#b7e9d937f24b6b613\"><span class=\"fusion-toggle-icon-wrapper\" aria-hidden=\"true\"><i class=\"fa-fusion-box active-icon fa-minus fas\" aria-hidden=\"true\"><\/i><i class=\"fa-fusion-box inactive-icon fa-plus fas\" aria-hidden=\"true\"><\/i><\/span><span class=\"fusion-toggle-heading\">Rescue Diver &amp; Emergency First Responder (EFR)<\/span><\/a><\/h4><\/div><div id=\"b7e9d937f24b6b613\" class=\"panel-collapse collapse \" aria-labelledby=\"toggle_b7e9d937f24b6b613\"><div class=\"panel-body toggle-content fusion-clearfix\">\n<p><strong>Vous vous entra\u00eenez aux techniques de sauvetage et \u00e0 la r\u00e9solution de probl\u00e8mes et vous suivez un cours de premiers secours.<\/strong><\/p>\n<p><strong>Conditions :<\/strong><\/p>\n<ul>\n<li><strong>\u00c2ge minimum 12 ans<\/strong><\/li>\n<li><strong>Personnes d\u00e9tentrices d\u2019un PADI Open Water Diver ou d\u2019une licence de plong\u00e9e \u00e9quivalente \u00e9mise par une autre \u00e9cole de plong\u00e9e<\/strong><\/li>\n<li><strong>Personnes ayant suivi un cours de premiers secours ou un cours de secourisme quelconque au cours des deux ann\u00e9es pr\u00e9c\u00e9dentes.<\/strong><\/li>\n<li><strong>Personnes ayant compl\u00e9t\u00e9 le formulaire m\u00e9dical<\/strong><\/li>\n<\/ul>\n<p>Le cours Rescue Diver \/ EFR augmente votre propre s\u00e9curit\u00e9 ainsi que celle de vos coll\u00e8gues plongeurs. Au moyen de diff\u00e9rents sc\u00e9narios, vous vous exercez \u00e0 reconna\u00eetre et \u00e0 r\u00e9soudre des probl\u00e8mes sous l&rsquo;eau et au-dessus de l&rsquo;eau. Diff\u00e9rentes techniques de sauvetage sont entra\u00een\u00e9es et vous apprenez \u00e0 plonger avec davantage de prudence et de s\u00e9curit\u00e9. Augmentez votre s\u00e9curit\u00e9 sous l&rsquo;eau et sachez comment aider les autres et \u00e9viter les blessures. Le cours EFR est un cours de premier secours reconnu sur le plan international.<\/p>\n<p><strong>Dur\u00e9e : 3-5 jours&nbsp;&nbsp;&nbsp;&nbsp;&nbsp;&nbsp;&nbsp;&nbsp;&nbsp;&nbsp;&nbsp;&nbsp;&nbsp;&nbsp;&nbsp;&nbsp;&nbsp;&nbsp;&nbsp;<\/strong><br \/>\n<strong>Prix : sur demande<\/strong><\/p>\n<\/div><\/div><\/div><div class=\"fusion-panel panel-default panel-4b2ffe535fc1bb49f fusion-toggle-no-divider fusion-toggle-boxed-mode\" style=\"--awb-title-color:var(--awb-color8);--awb-content-color:var(--awb-color8);\"><div class=\"panel-heading\"><h4 class=\"panel-title toggle\" id=\"toggle_4b2ffe535fc1bb49f\"><a aria-expanded=\"false\" aria-controls=\"4b2ffe535fc1bb49f\" role=\"button\" data-toggle=\"collapse\" data-parent=\"#accordion-468-1\" data-target=\"#4b2ffe535fc1bb49f\" href=\"#4b2ffe535fc1bb49f\"><span class=\"fusion-toggle-icon-wrapper\" aria-hidden=\"true\"><i class=\"fa-fusion-box active-icon fa-minus fas\" aria-hidden=\"true\"><\/i><i class=\"fa-fusion-box inactive-icon fa-plus fas\" aria-hidden=\"true\"><\/i><\/span><span class=\"fusion-toggle-heading\">Refresher Course<\/span><\/a><\/h4><\/div><div id=\"4b2ffe535fc1bb49f\" class=\"panel-collapse collapse \" aria-labelledby=\"toggle_4b2ffe535fc1bb49f\"><div class=\"panel-body toggle-content fusion-clearfix\">\n<p><strong>Vous souhaitez reprendre la plong\u00e9e apr\u00e8s une longue pause&nbsp;? Ce cours est fait pour vous.<\/strong><\/p>\n<p><strong>Condition :<\/strong><\/p>\n<ul>\n<li><strong>Plongeurs certifi\u00e9s<\/strong><\/li>\n<\/ul>\n<p>Le cours PADI Refresher ou le programme de r\u00e9p\u00e9tition &nbsp;PADI Scuba s\u2019adressent \u00e0 des plongeurs certifi\u00e9s qui n\u2019ont pas plong\u00e9 depuis un certain temps. Ce cours de rafra\u00eechissement vous permettra d\u2019acqu\u00e9rir \u00e0 nouveau un certain nombre de comp\u00e9tences et d\u2019entra\u00eener vos connaissances en mati\u00e8re de tarage et de s\u00e9curit\u00e9 dans une piscine ou dans l\u2019oc\u00e9an &#8211; jusqu&rsquo;\u00e0 ce que vous vous sentiez totalement en s\u00e9curit\u00e9. Une fois le cours accompli, vous \u00eates en mesure d\u2019effectuer une excursion de plong\u00e9e le lendemain ou le jour m\u00eame&nbsp;! Nous vous recommandons de suivre ce cours si plus d\u2019une ann\u00e9e s\u2019est \u00e9coul\u00e9e depuis votre derni\u00e8re plong\u00e9e.<\/p>\n<p><strong>Dur\u00e9e : 1 heure&nbsp; &nbsp; &nbsp; &nbsp; &nbsp;<\/strong><br \/>\n<strong>Profondeur : piscine&nbsp; &nbsp; &nbsp; &nbsp; &nbsp; &nbsp; &nbsp;&nbsp;<\/strong><br \/>\n<strong>Prix : 30$<\/strong><\/p>\n<\/div><\/div><\/div><div class=\"fusion-panel panel-default panel-39555ca1bbadb50a6 fusion-toggle-no-divider fusion-toggle-boxed-mode\" style=\"--awb-title-color:var(--awb-color8);--awb-content-color:var(--awb-color8);\"><div class=\"panel-heading\"><h4 class=\"panel-title toggle\" id=\"toggle_39555ca1bbadb50a6\"><a aria-expanded=\"false\" aria-controls=\"39555ca1bbadb50a6\" role=\"button\" data-toggle=\"collapse\" data-parent=\"#accordion-468-1\" data-target=\"#39555ca1bbadb50a6\" href=\"#39555ca1bbadb50a6\"><span class=\"fusion-toggle-icon-wrapper\" aria-hidden=\"true\"><i class=\"fa-fusion-box active-icon fa-minus fas\" aria-hidden=\"true\"><\/i><i class=\"fa-fusion-box inactive-icon fa-plus fas\" aria-hidden=\"true\"><\/i><\/span><span class=\"fusion-toggle-heading\">Cours sp\u00e9ciaux<\/span><\/a><\/h4><\/div><div id=\"39555ca1bbadb50a6\" class=\"panel-collapse collapse \" aria-labelledby=\"toggle_39555ca1bbadb50a6\"><div class=\"panel-body toggle-content fusion-clearfix\">\n<p><strong>Nous vous proposons un choix de cours sp\u00e9ciaux, tels que<\/strong><\/p>\n<ul>\n<li>Identification de poissons<\/li>\n<li>Plong\u00e9e profonde<\/li>\n<li>Photographie num\u00e9rique sous-marine<\/li>\n<li>Plong\u00e9e en d\u00e9rive<\/li>\n<li>Plong\u00e9e de nuit<\/li>\n<li>Plong\u00e9e multiniveaux<\/li>\n<li>Tarage de pointe<\/li>\n<li>Navigation<\/li>\n<li>Exploration de la nature sous l&rsquo;eau<\/li>\n<li>Plong\u00e9e en grotte<\/li>\n<li>Recherche et sauvetage<\/li>\n<\/ul>\n<\/div><\/div><\/div><\/div><\/div><\/div><\/div><\/div><\/div>\n","protected":false},"excerpt":{"rendered":"","protected":false},"author":3,"featured_media":0,"parent":0,"menu_order":20,"comment_status":"closed","ping_status":"closed","template":"","meta":{"inline_featured_image":false,"footnotes":""},"class_list":["post-468","page","type-page","status-publish","hentry"],"_links":{"self":[{"href":"https:\/\/www.dive-planet.com\/fr\/wp-json\/wp\/v2\/pages\/468","targetHints":{"allow":["GET"]}}],"collection":[{"href":"https:\/\/www.dive-planet.com\/fr\/wp-json\/wp\/v2\/pages"}],"about":[{"href":"https:\/\/www.dive-planet.com\/fr\/wp-json\/wp\/v2\/types\/page"}],"author":[{"embeddable":true,"href":"https:\/\/www.dive-planet.com\/fr\/wp-json\/wp\/v2\/users\/3"}],"replies":[{"embeddable":true,"href":"https:\/\/www.dive-planet.com\/fr\/wp-json\/wp\/v2\/comments?post=468"}],"version-history":[{"count":1,"href":"https:\/\/www.dive-planet.com\/fr\/wp-json\/wp\/v2\/pages\/468\/revisions"}],"predecessor-version":[{"id":668,"href":"https:\/\/www.dive-planet.com\/fr\/wp-json\/wp\/v2\/pages\/468\/revisions\/668"}],"wp:attachment":[{"href":"https:\/\/www.dive-planet.com\/fr\/wp-json\/wp\/v2\/media?parent=468"}],"curies":[{"name":"wp","href":"https:\/\/api.w.org\/{rel}","templated":true}]}}